{"id":69,"date":"2024-11-04T17:29:06","date_gmt":"2024-11-04T17:29:06","guid":{"rendered":"https:\/\/thev.pt\/exceptional-living-pt\/"},"modified":"2025-09-05T16:52:52","modified_gmt":"2025-09-05T16:52:52","slug":"exceptional-living","status":"publish","type":"page","link":"https:\/\/thev.pt\/pt-pt\/exceptional-living\/","title":{"rendered":"Exceptional Living"},"content":{"rendered":"\n<div class=\"wp-block-kobu-custom-blocks-responsive-spacer responsive-spacer size-xlarge\"><\/div>\n\n\n\n<div class=\"wp-block-kobu-custom-blocks-inner-content-img alignwide media-content-group child-item align-right valign-start img-last\"><div class=\"content-col\"><div class=\"content-col-wrapper\">\n<h2 class=\"wp-block-heading has-huge-font-size\">THE Park<\/h2>\n\n\n\n<p>O THE Park \u00e9 um o\u00e1sis desenhado com inspira\u00e7\u00e3o no estilo de vida mediterr\u00e2neo e perfeitamente adaptado ao clima do Algarve, com uma paisagem de baixa manuten\u00e7\u00e3o e reduzido consumo de \u00e1gua.<\/p>\n\n\n\n<p>Os residentes s\u00e3o convidados a desfrutar de zonas comuns que promovem o conv\u00edvio e o relaxamento, com trilhos pedonais, um espa\u00e7o multifuncional dedicado ao bem-estar e uma horta comunit\u00e1ria de ervas arom\u00e1ticas, enriquecida com \u00e1rvores de fruto que criam uma verdadeira sensa\u00e7\u00e3o de serenidade que inspira e revigora a alma.<\/p>\n\n\n\n<div class=\"wp-block-buttons is-layout-flex wp-block-buttons-is-layout-flex\">\n<div class=\"wp-block-button is-style-outline is-style-outline--1\"><a class=\"wp-block-button__link wp-element-button\" href=\"https:\/\/thev.pt\/pt-pt\/exceptional-living\/the-park\/\">Saiba mais sobre o THE Park<\/a><\/div>\n<\/div>\n<\/div><\/div><div class=\"media-col\"><figure><img loading=\"lazy\" decoding=\"async\" width=\"1088\" height=\"766\" class=\"wp-image-2444\" src=\"https:\/\/thev.pt\/files\/uploads\/2025\/07\/the-v-the-park-detail.webp\" alt=\"\" title=\"the-v-the-park-detail\" sizes=\"auto, (min-width: 1201px) 35vw, (min-width: 601px) 50vw, 100vw\" srcset=\"https:\/\/thev.pt\/files\/uploads\/2025\/07\/the-v-the-park-detail.webp 1088w, https:\/\/thev.pt\/files\/uploads\/2025\/07\/the-v-the-park-detail-300x211.webp 300w, https:\/\/thev.pt\/files\/uploads\/2025\/07\/the-v-the-park-detail-1024x721.webp 1024w, https:\/\/thev.pt\/files\/uploads\/2025\/07\/the-v-the-park-detail-768x541.webp 768w\" \/><\/figure><\/div><\/div>\n\n\n\n<div class=\"wp-block-kobu-custom-blocks-responsive-spacer responsive-spacer size-custom\" data-small=\"30\" data-medium=\"120\" data-large=\"120\" style=\"height:120px\"><\/div>\n\n\n<noscript class=\"loading-lazy\">\n<figure class=\"wp-block-image alignwide size-large grid-img-3_12\"><img loading=\"lazy\" decoding=\"async\" width=\"1024\" height=\"569\" src=\"https:\/\/thev.pt\/files\/uploads\/2025\/07\/the-v-the-park-1024x569.webp\" alt=\"\" class=\"wp-image-2447\" srcset=\"https:\/\/thev.pt\/files\/uploads\/2025\/07\/the-v-the-park-1024x569.webp 1024w, https:\/\/thev.pt\/files\/uploads\/2025\/07\/the-v-the-park-300x167.webp 300w, https:\/\/thev.pt\/files\/uploads\/2025\/07\/the-v-the-park-768x427.webp 768w, https:\/\/thev.pt\/files\/uploads\/2025\/07\/the-v-the-park-1536x854.webp 1536w, https:\/\/thev.pt\/files\/uploads\/2025\/07\/the-v-the-park-2048x1138.webp 2048w\" sizes=\"auto, (max-width: 1024px) 100vw, 1024px\" \/><\/figure>\n<\/noscript>\n\n\n<div class=\"wp-block-kobu-custom-blocks-responsive-spacer responsive-spacer size-xlarge\"><\/div>\n\n\n\n<div class=\"wp-block-kobu-custom-blocks-responsive-spacer responsive-spacer size-large\"><\/div>\n\n\n\n<h2 class=\"wp-block-heading alignwide content-with-margin-left has-huge-font-size\">THE Algarve<\/h2>\n\n\n\n<div class=\"wp-block-kobu-custom-blocks-responsive-spacer responsive-spacer size-custom hide-xs\" data-small=\"0\" data-medium=\"20\" data-large=\"20\" style=\"height:20px\"><\/div>\n\n\n<noscript class=\"loading-lazy\">\n<figure class=\"wp-block-image alignfull size-large no-margins-on-mobile\"><img loading=\"lazy\" decoding=\"async\" width=\"1024\" height=\"576\" src=\"https:\/\/thev.pt\/files\/uploads\/2025\/07\/the-v-algarve-map-1024x576.webp\" alt=\"Map of the Algarve, marking THE V's location.\" class=\"wp-image-2955\" srcset=\"https:\/\/thev.pt\/files\/uploads\/2025\/07\/the-v-algarve-map-1024x576.webp 1024w, https:\/\/thev.pt\/files\/uploads\/2025\/07\/the-v-algarve-map-300x169.webp 300w, https:\/\/thev.pt\/files\/uploads\/2025\/07\/the-v-algarve-map-768x432.webp 768w, https:\/\/thev.pt\/files\/uploads\/2025\/07\/the-v-algarve-map-1536x864.webp 1536w, https:\/\/thev.pt\/files\/uploads\/2025\/07\/the-v-algarve-map-2048x1152.webp 2048w\" sizes=\"auto, (max-width: 1024px) 100vw, 1024px\" \/><\/figure>\n<\/noscript>\n\n\n<div class=\"wp-block-group alignwide content-with-margin-left is-layout-flow wp-block-group-is-layout-flow\">\n<div class=\"wp-block-kobu-custom-blocks-responsive-spacer responsive-spacer size-medium\"><\/div>\n\n\n\n<p>Conhecido pelos invernos amenos e pelos dias soalheiros que se estendem ao longo de todo o ano, o Algarve convida os residentes do THE V a abra\u00e7ar um estilo de vida mais saud\u00e1vel e tranquilo.<\/p>\n\n\n\n<p>Perfeitamente situado entre a Quinta do Lago e Vale do Lobo, o THE V oferece um acesso privilegiado ao Tri\u00e2ngulo Dourado do Algarve, onde campos de golfe de classe mundial, praias paradis\u00edacas, restaurantes premiados e paisagens costeiras deslumbrantes se unem para proporcionar uma experi\u00eancia de vida verdadeiramente excepcional e incompar\u00e1vel.<\/p>\n\n\n\n<div class=\"wp-block-buttons is-layout-flex wp-block-buttons-is-layout-flex\">\n<div class=\"wp-block-button is-style-outline is-style-outline--2\"><a class=\"wp-block-button__link wp-element-button\" href=\"https:\/\/thev.pt\/pt-pt\/exceptional-living\/the-algarve\/\">Descubra THE Algarve<\/a><\/div>\n<\/div>\n<\/div>\n\n\n\n<div class=\"wp-block-kobu-custom-blocks-responsive-spacer responsive-spacer size-medium\"><\/div>\n\n\n\n<div class=\"wp-block-kobu-custom-blocks-slider-gallery alignfull\"><div class=\"slider-gallery gallery-container hidden  multiple\"><div class=\"gallery \" role=\"list\"><div class=\"slide\" role=\"listitem\"><div class=\"figure-wrapper\"><figure><img loading=\"lazy\" decoding=\"async\" width=\"1136\" height=\"1000\" class=\"wp-image-2413\" src=\"https:\/\/thev.pt\/files\/uploads\/2025\/07\/the-v-algarve-view.webp\" alt=\"\" sizes=\"auto, 100vw\" srcset=\"https:\/\/thev.pt\/files\/uploads\/2025\/07\/the-v-algarve-view.webp 1136w, https:\/\/thev.pt\/files\/uploads\/2025\/07\/the-v-algarve-view-300x264.webp 300w, https:\/\/thev.pt\/files\/uploads\/2025\/07\/the-v-algarve-view-1024x901.webp 1024w, https:\/\/thev.pt\/files\/uploads\/2025\/07\/the-v-algarve-view-768x676.webp 768w\" \/><\/figure><\/div><\/div><div class=\"slide\" role=\"listitem\"><div class=\"figure-wrapper\"><figure><img loading=\"lazy\" decoding=\"async\" width=\"1090\" height=\"906\" class=\"wp-image-2410\" src=\"https:\/\/thev.pt\/files\/uploads\/2025\/07\/the-v-algarve-medlars-tree-and-church.webp\" alt=\"\" sizes=\"auto, 100vw\" srcset=\"https:\/\/thev.pt\/files\/uploads\/2025\/07\/the-v-algarve-medlars-tree-and-church.webp 1090w, https:\/\/thev.pt\/files\/uploads\/2025\/07\/the-v-algarve-medlars-tree-and-church-300x249.webp 300w, https:\/\/thev.pt\/files\/uploads\/2025\/07\/the-v-algarve-medlars-tree-and-church-1024x851.webp 1024w, https:\/\/thev.pt\/files\/uploads\/2025\/07\/the-v-algarve-medlars-tree-and-church-768x638.webp 768w\" \/><\/figure><\/div><\/div><div class=\"slide\" role=\"listitem\"><div class=\"figure-wrapper\"><figure><img loading=\"lazy\" decoding=\"async\" width=\"1418\" height=\"1000\" class=\"wp-image-2398\" src=\"https:\/\/thev.pt\/files\/uploads\/2025\/07\/the-v-algarve-beach.webp\" alt=\"\" sizes=\"auto, 100vw\" srcset=\"https:\/\/thev.pt\/files\/uploads\/2025\/07\/the-v-algarve-beach.webp 1418w, https:\/\/thev.pt\/files\/uploads\/2025\/07\/the-v-algarve-beach-300x212.webp 300w, https:\/\/thev.pt\/files\/uploads\/2025\/07\/the-v-algarve-beach-1024x722.webp 1024w, https:\/\/thev.pt\/files\/uploads\/2025\/07\/the-v-algarve-beach-768x542.webp 768w\" \/><\/figure><\/div><\/div><div class=\"slide\" role=\"listitem\"><div class=\"figure-wrapper\"><figure><img loading=\"lazy\" decoding=\"async\" width=\"1136\" height=\"1000\" class=\"wp-image-2903\" src=\"https:\/\/thev.pt\/files\/uploads\/2025\/07\/the-v-apartments-algarve-beach.webp\" alt=\"\" sizes=\"auto, 100vw\" srcset=\"https:\/\/thev.pt\/files\/uploads\/2025\/07\/the-v-apartments-algarve-beach.webp 1136w, https:\/\/thev.pt\/files\/uploads\/2025\/07\/the-v-apartments-algarve-beach-300x264.webp 300w, https:\/\/thev.pt\/files\/uploads\/2025\/07\/the-v-apartments-algarve-beach-1024x901.webp 1024w, https:\/\/thev.pt\/files\/uploads\/2025\/07\/the-v-apartments-algarve-beach-768x676.webp 768w\" \/><\/figure><\/div><\/div><\/div><\/div><\/div>\n\n\n\n<div class=\"wp-block-kobu-custom-blocks-responsive-spacer responsive-spacer size-xlarge\"><\/div>\n\n\n\n<div class=\"wp-block-kobu-custom-blocks-inner-content-img alignwide media-content-group child-item align-left valign-start img-last grid-media-on-mobile-1_10\"><div class=\"content-col\"><div class=\"content-col-wrapper\">\n<h2 class=\"wp-block-heading has-huge-font-size\">THE Golden Triangle<\/h2>\n\n\n\n<p>Situado nos arredores de Faro, a capital da regi\u00e3o, o Tri\u00e2ngulo Dourado \u00e9 uma das zonas mais prestigiadas e exclusivas do Algarve. Aqui, encontram-se os conceituados empreendimentos da Quinta do Lago e de Vale do Lobo, bem como a vibrante cidade de Vilamoura.<\/p>\n\n\n\n<p>Rodeado por praias imaculadas e reconhecido pelos seus empreendimentos de luxo, prestigiados campos de golfe e uma marina multipremiada, este destino representa uma fus\u00e3o perfeita entre sofistica\u00e7\u00e3o e conveni\u00eancia, que faz do Tri\u00e2ngulo Dourado o verdadeiro s\u00edmbolo de uma vida excepcional no sul de Portugal.<\/p>\n\n\n\n<div class=\"wp-block-buttons is-layout-flex wp-block-buttons-is-layout-flex\">\n<div class=\"wp-block-button is-style-outline is-style-outline--3\"><a class=\"wp-block-button__link wp-element-button\" href=\"https:\/\/thev.pt\/pt-pt\/exceptional-living-pt\/the-golden-triangle\/\">Descubra THE Golden Triangle<\/a><\/div>\n<\/div>\n<\/div><\/div><div class=\"media-col\"><figure><img loading=\"lazy\" decoding=\"async\" width=\"2400\" height=\"1710\" class=\"wp-image-2427\" src=\"https:\/\/thev.pt\/files\/uploads\/2025\/07\/the-v-golden-triangle-ocean-view.webp\" alt=\"\" title=\"the-v-golden-triangle-ocean-view\" sizes=\"auto, (min-width: 1201px) 35vw, (min-width: 601px) 50vw, 100vw\" srcset=\"https:\/\/thev.pt\/files\/uploads\/2025\/07\/the-v-golden-triangle-ocean-view.webp 2400w, https:\/\/thev.pt\/files\/uploads\/2025\/07\/the-v-golden-triangle-ocean-view-300x214.webp 300w, https:\/\/thev.pt\/files\/uploads\/2025\/07\/the-v-golden-triangle-ocean-view-1024x730.webp 1024w, https:\/\/thev.pt\/files\/uploads\/2025\/07\/the-v-golden-triangle-ocean-view-768x547.webp 768w, https:\/\/thev.pt\/files\/uploads\/2025\/07\/the-v-golden-triangle-ocean-view-1536x1094.webp 1536w, https:\/\/thev.pt\/files\/uploads\/2025\/07\/the-v-golden-triangle-ocean-view-2048x1459.webp 2048w\" \/><\/figure><\/div><\/div>\n\n\n\n<div class=\"wp-block-kobu-custom-blocks-responsive-spacer responsive-spacer size-custom\" data-small=\"30\" data-medium=\"120\" data-large=\"120\" style=\"height:120px\"><\/div>\n\n\n<noscript class=\"loading-lazy\">\n<figure class=\"wp-block-image alignwide size-large grid-img-4_13\"><img loading=\"lazy\" decoding=\"async\" width=\"1024\" height=\"853\" src=\"https:\/\/thev.pt\/files\/uploads\/2025\/07\/the-v-golden-triangle-view-1024x853.webp\" alt=\"\" class=\"wp-image-2430\" srcset=\"https:\/\/thev.pt\/files\/uploads\/2025\/07\/the-v-golden-triangle-view-1024x853.webp 1024w, https:\/\/thev.pt\/files\/uploads\/2025\/07\/the-v-golden-triangle-view-300x250.webp 300w, https:\/\/thev.pt\/files\/uploads\/2025\/07\/the-v-golden-triangle-view-768x640.webp 768w, https:\/\/thev.pt\/files\/uploads\/2025\/07\/the-v-golden-triangle-view.webp 1306w\" sizes=\"auto, (max-width: 1024px) 100vw, 1024px\" \/><\/figure>\n<\/noscript>\n\n\n<div class=\"wp-block-kobu-custom-blocks-responsive-spacer responsive-spacer size-xlarge\"><\/div>\n\n\n\n<div class=\"wp-block-kobu-custom-blocks-section-wrapper alignfull kobu-section apartments-slider-section is-layout-constrained wp-block-kobu-custom-blocks-section-wrapper-is-layout-constrained\">\n<h2 class=\"wp-block-heading\">Apartmentos Excepcionais.<\/h2>\n\n\n\t<div class=\"apartments-slider-block alignfull slider-gallery hidden multiple\">\n\t\t<div class=\"gallery\" role=\"list\" data-slide=\"0\" tabindex=\"0\">\n\t\t\t\t\t\t\t<div class=\"slide\" role=\"listitem\">\n\t\t\t\t\t<a href=\"https:\/\/thev.pt\/pt-pt\/apartamentos-the-v\/apartamentos-the-pool\/\">\n\t\t\t\t\t\t\t\t\t\t\t\t\t\t\t\t\t\t\t<div class=\"fixed-ratio-img\">\n\t\t\t\t\t\t\t\t<img loading=\"lazy\" decoding=\"async\" width=\"1536\" height=\"1536\" src=\"https:\/\/thev.pt\/files\/uploads\/2024\/11\/the-v-apartments-the-pool-20250723-104017-1536x1536.webp\" class=\"coverimg\" alt=\"\" sizes=\"auto, 100vw\" srcset=\"https:\/\/thev.pt\/files\/uploads\/2024\/11\/the-v-apartments-the-pool-20250723-104017-1536x1536.webp 1536w, https:\/\/thev.pt\/files\/uploads\/2024\/11\/the-v-apartments-the-pool-20250723-104017-300x300.webp 300w, https:\/\/thev.pt\/files\/uploads\/2024\/11\/the-v-apartments-the-pool-20250723-104017-1024x1024.webp 1024w, https:\/\/thev.pt\/files\/uploads\/2024\/11\/the-v-apartments-the-pool-20250723-104017-150x150.webp 150w, https:\/\/thev.pt\/files\/uploads\/2024\/11\/the-v-apartments-the-pool-20250723-104017-768x768.webp 768w, https:\/\/thev.pt\/files\/uploads\/2024\/11\/the-v-apartments-the-pool-20250723-104017.webp 1800w\" \/>\t\t\t\t\t\t\t<\/div>\n\t\t\t\t\t\t\t\t\t\t\t\t<h3>Apartamentos THE Pool<\/h3>\n\t\t\t\t\t<\/a>\n\t\t\t\t<\/div>\n\t\t\t\t\t\t\t<div class=\"slide\" role=\"listitem\">\n\t\t\t\t\t<a href=\"https:\/\/thev.pt\/pt-pt\/apartamentos-the-v\/apartamentos-the-park-view\/\">\n\t\t\t\t\t\t\t\t\t\t\t\t\t\t\t\t\t\t\t<div class=\"fixed-ratio-img\">\n\t\t\t\t\t\t\t\t<img loading=\"lazy\" decoding=\"async\" width=\"1536\" height=\"1536\" src=\"https:\/\/thev.pt\/files\/uploads\/2024\/12\/the-v-apartments-the-park-view-1-20250723-100629-1536x1536.webp\" class=\"coverimg\" alt=\"The balconies of THE V apartments, seen from the outside.\" sizes=\"auto, 100vw\" srcset=\"https:\/\/thev.pt\/files\/uploads\/2024\/12\/the-v-apartments-the-park-view-1-20250723-100629-1536x1536.webp 1536w, https:\/\/thev.pt\/files\/uploads\/2024\/12\/the-v-apartments-the-park-view-1-20250723-100629-300x300.webp 300w, https:\/\/thev.pt\/files\/uploads\/2024\/12\/the-v-apartments-the-park-view-1-20250723-100629-1024x1024.webp 1024w, https:\/\/thev.pt\/files\/uploads\/2024\/12\/the-v-apartments-the-park-view-1-20250723-100629-150x150.webp 150w, https:\/\/thev.pt\/files\/uploads\/2024\/12\/the-v-apartments-the-park-view-1-20250723-100629-768x768.webp 768w, https:\/\/thev.pt\/files\/uploads\/2024\/12\/the-v-apartments-the-park-view-1-20250723-100629.webp 1800w\" \/>\t\t\t\t\t\t\t<\/div>\n\t\t\t\t\t\t\t\t\t\t\t\t<h3>Apartamentos THE Park View<\/h3>\n\t\t\t\t\t<\/a>\n\t\t\t\t<\/div>\n\t\t\t\t\t\t\t<div class=\"slide\" role=\"listitem\">\n\t\t\t\t\t<a href=\"https:\/\/thev.pt\/pt-pt\/apartamentos-the-v\/apartamentos-the-penthouse\/\">\n\t\t\t\t\t\t\t\t\t\t\t\t\t\t\t\t\t\t\t<div class=\"fixed-ratio-img\">\n\t\t\t\t\t\t\t\t<img loading=\"lazy\" decoding=\"async\" width=\"1536\" height=\"1536\" src=\"https:\/\/thev.pt\/files\/uploads\/2024\/12\/the-v-apartments-the-penthouses-3-1536x1536.webp\" class=\"coverimg\" alt=\"\" sizes=\"auto, 100vw\" srcset=\"https:\/\/thev.pt\/files\/uploads\/2024\/12\/the-v-apartments-the-penthouses-3-1536x1536.webp 1536w, https:\/\/thev.pt\/files\/uploads\/2024\/12\/the-v-apartments-the-penthouses-3-300x300.webp 300w, https:\/\/thev.pt\/files\/uploads\/2024\/12\/the-v-apartments-the-penthouses-3-1024x1024.webp 1024w, https:\/\/thev.pt\/files\/uploads\/2024\/12\/the-v-apartments-the-penthouses-3-150x150.webp 150w, https:\/\/thev.pt\/files\/uploads\/2024\/12\/the-v-apartments-the-penthouses-3-768x768.webp 768w, https:\/\/thev.pt\/files\/uploads\/2024\/12\/the-v-apartments-the-penthouses-3.webp 1800w\" \/>\t\t\t\t\t\t\t<\/div>\n\t\t\t\t\t\t\t\t\t\t\t\t<h3>Apartamentos THE Penthouse<\/h3>\n\t\t\t\t\t<\/a>\n\t\t\t\t<\/div>\n\t\t\t\t\t<\/div>\n\t<\/div>\n\n\n\n<div class=\"wp-block-buttons alignwide is-content-justification-center is-layout-flex wp-container-core-buttons-is-layout-16018d1d wp-block-buttons-is-layout-flex\">\n<div class=\"wp-block-button read-more\"><a class=\"wp-block-button__link wp-element-button\" href=\"https:\/\/thev.pt\/pt-pt\/apartamentos-the-v\/\">Saber mais sobre os apartamentos<\/a><\/div>\n<\/div>\n\n\n\n<div class=\"wp-block-kobu-custom-blocks-responsive-spacer responsive-spacer size-xlarge\"><\/div>\n<\/div>\n\n\n\n<div class=\"wp-block-kobu-custom-blocks-section-wrapper alignfull kobu-section our-partners is-layout-constrained wp-block-kobu-custom-blocks-section-wrapper-is-layout-constrained\">\n<h2 class=\"wp-block-heading alignfull has-medium-font-size\" id=\"our-partners-3\">Os Nossos Parceiros<\/h2>\n\n\n\t<div class=\"partners-logos-slider-block alignfull slider-gallery hidden multiple\">\n\t\t<div class=\"gallery\" role=\"list\" data-slide=\"0\" tabindex=\"0\">\n\t\t\t\t\t\t\t<div class=\"slide\" role=\"listitem\">\n\t\t\t\t\t\t\t\t\t\t\t<div class=\"featured-img\">\n\t\t\t\t\t\t\t<img loading=\"lazy\" decoding=\"async\" width=\"374\" height=\"136\" src=\"https:\/\/thev.pt\/files\/uploads\/2025\/07\/the-v-partner-david-sinclair-arquitectos-associados-1.webp\" class=\"\" alt=\"David Sinclair Arquitectos Associados\" sizes=\"auto, 100vw\" srcset=\"https:\/\/thev.pt\/files\/uploads\/2025\/07\/the-v-partner-david-sinclair-arquitectos-associados-1.webp 374w, https:\/\/thev.pt\/files\/uploads\/2025\/07\/the-v-partner-david-sinclair-arquitectos-associados-1-300x109.webp 300w\" \/>\t\t\t\t\t\t<\/div>\n\t\t\t\t\t\t\t\t\t<\/div>\n\t\t\t\t\t\t\t<div class=\"slide\" role=\"listitem\">\n\t\t\t\t\t\t\t\t\t\t\t<div class=\"featured-img\">\n\t\t\t\t\t\t\t<img loading=\"lazy\" decoding=\"async\" width=\"260\" height=\"120\" src=\"https:\/\/thev.pt\/files\/uploads\/2025\/07\/the-v-partner-marques-antunes-1.webp\" class=\"\" alt=\"MAE logo\" sizes=\"auto, 100vw\" \/>\t\t\t\t\t\t<\/div>\n\t\t\t\t\t\t\t\t\t<\/div>\n\t\t\t\t\t\t\t<div class=\"slide\" role=\"listitem\">\n\t\t\t\t\t\t\t\t\t\t\t<div class=\"featured-img\">\n\t\t\t\t\t\t\t<img loading=\"lazy\" decoding=\"async\" width=\"78\" height=\"23\" src=\"https:\/\/thev.pt\/files\/uploads\/2025\/07\/the-v-partners-projectline.svg\" class=\"\" alt=\"Projectline logo\" sizes=\"auto, 100vw\" \/>\t\t\t\t\t\t<\/div>\n\t\t\t\t\t\t\t\t\t<\/div>\n\t\t\t\t\t\t\t<div class=\"slide\" role=\"listitem\">\n\t\t\t\t\t\t\t\t\t\t\t<div class=\"featured-img\">\n\t\t\t\t\t\t\t<img loading=\"lazy\" decoding=\"async\" width=\"264\" height=\"120\" src=\"https:\/\/thev.pt\/files\/uploads\/2025\/07\/the-v-partner-edwin-loxley-1.webp\" class=\"\" alt=\"Edwin Loxley logo\" sizes=\"auto, 100vw\" \/>\t\t\t\t\t\t<\/div>\n\t\t\t\t\t\t\t\t\t<\/div>\n\t\t\t\t\t\t\t<div class=\"slide\" role=\"listitem\">\n\t\t\t\t\t\t\t\t\t\t\t<div class=\"featured-img\">\n\t\t\t\t\t\t\t<img loading=\"lazy\" decoding=\"async\" width=\"184\" height=\"120\" src=\"https:\/\/thev.pt\/files\/uploads\/2025\/07\/the-v-partner-jardim-vista-1.webp\" class=\"\" alt=\"Jardim Vista logo\" sizes=\"auto, 100vw\" \/>\t\t\t\t\t\t<\/div>\n\t\t\t\t\t\t\t\t\t<\/div>\n\t\t\t\t\t\t\t<div class=\"slide\" role=\"listitem\">\n\t\t\t\t\t\t\t\t\t\t\t<div class=\"featured-img\">\n\t\t\t\t\t\t\t<img loading=\"lazy\" decoding=\"async\" width=\"120\" height=\"120\" src=\"https:\/\/thev.pt\/files\/uploads\/2025\/07\/the-v-partner-pure-allure-interior-1.webp\" class=\"\" alt=\"Pure Allure Interior logo\" sizes=\"auto, 100vw\" \/>\t\t\t\t\t\t<\/div>\n\t\t\t\t\t\t\t\t\t<\/div>\n\t\t\t\t\t\t\t<div class=\"slide\" role=\"listitem\">\n\t\t\t\t\t\t\t\t\t\t\t<div class=\"featured-img\">\n\t\t\t\t\t\t\t<img loading=\"lazy\" decoding=\"async\" width=\"330\" height=\"120\" src=\"https:\/\/thev.pt\/files\/uploads\/2025\/07\/the-v-partner-kobu-agency-1.webp\" class=\"\" alt=\"KOBU Agency logo\" sizes=\"auto, 100vw\" srcset=\"https:\/\/thev.pt\/files\/uploads\/2025\/07\/the-v-partner-kobu-agency-1.webp 330w, https:\/\/thev.pt\/files\/uploads\/2025\/07\/the-v-partner-kobu-agency-1-300x109.webp 300w\" \/>\t\t\t\t\t\t<\/div>\n\t\t\t\t\t\t\t\t\t<\/div>\n\t\t\t\t\t\t\t<div class=\"slide\" role=\"listitem\">\n\t\t\t\t\t\t\t\t\t\t\t<div class=\"featured-img\">\n\t\t\t\t\t\t\t<img loading=\"lazy\" decoding=\"async\" width=\"520\" height=\"240\" src=\"https:\/\/thev.pt\/files\/uploads\/2024\/12\/logo-golden-triangle-properties-2.webp\" class=\"\" alt=\"Golden Triangle Properties logo\" sizes=\"auto, 100vw\" srcset=\"https:\/\/thev.pt\/files\/uploads\/2024\/12\/logo-golden-triangle-properties-2.webp 520w, https:\/\/thev.pt\/files\/uploads\/2024\/12\/logo-golden-triangle-properties-2-300x138.webp 300w\" \/>\t\t\t\t\t\t<\/div>\n\t\t\t\t\t\t\t\t\t<\/div>\n\t\t\t\t\t<\/div>\n\t<\/div>\n<\/div>\n","protected":false},"excerpt":{"rendered":"<p>THE Algarve Conhecido pelos invernos amenos e pelos dias soalheiros que se estendem ao longo de todo o ano, o Algarve convida os residentes do [&hellip;]<\/p>\n","protected":false},"author":3,"featured_media":2954,"parent":0,"menu_order":0,"comment_status":"closed","ping_status":"closed","template":"","meta":{"_acf_changed":false,"inline_featured_image":false,"footnotes":""},"class_list":["post-69","page","type-page","status-publish","has-post-thumbnail","hentry"],"acf":[],"_links":{"self":[{"href":"https:\/\/thev.pt\/pt-pt\/wp-json\/wp\/v2\/pages\/69","targetHints":{"allow":["GET"]}}],"collection":[{"href":"https:\/\/thev.pt\/pt-pt\/wp-json\/wp\/v2\/pages"}],"about":[{"href":"https:\/\/thev.pt\/pt-pt\/wp-json\/wp\/v2\/types\/page"}],"author":[{"embeddable":true,"href":"https:\/\/thev.pt\/pt-pt\/wp-json\/wp\/v2\/users\/3"}],"replies":[{"embeddable":true,"href":"https:\/\/thev.pt\/pt-pt\/wp-json\/wp\/v2\/comments?post=69"}],"version-history":[{"count":5,"href":"https:\/\/thev.pt\/pt-pt\/wp-json\/wp\/v2\/pages\/69\/revisions"}],"predecessor-version":[{"id":3738,"href":"https:\/\/thev.pt\/pt-pt\/wp-json\/wp\/v2\/pages\/69\/revisions\/3738"}],"wp:featuredmedia":[{"embeddable":true,"href":"https:\/\/thev.pt\/pt-pt\/wp-json\/wp\/v2\/media\/2954"}],"wp:attachment":[{"href":"https:\/\/thev.pt\/pt-pt\/wp-json\/wp\/v2\/media?parent=69"}],"curies":[{"name":"wp","href":"https:\/\/api.w.org\/{rel}","templated":true}]}}