{"id":1510,"date":"2024-11-04T17:34:42","date_gmt":"2024-11-04T17:34:42","guid":{"rendered":"https:\/\/thev.pt\/exceptional-living-pt\/golden-triangle\/"},"modified":"2025-09-05T16:51:52","modified_gmt":"2025-09-05T16:51:52","slug":"the-golden-triangle","status":"publish","type":"page","link":"https:\/\/thev.pt\/pt-pt\/exceptional-living\/the-golden-triangle\/","title":{"rendered":"THE Golden Triangle"},"content":{"rendered":"\n<div class=\"wp-block-kobu-custom-blocks-responsive-spacer responsive-spacer size-xlarge\"><\/div>\n\n\n\n<div class=\"wp-block-kobu-custom-blocks-inner-content-img alignfull media-content-group child-item align-left valign-start img-last\"><div class=\"content-col\"><div class=\"content-col-wrapper\">\n<h2 class=\"wp-block-heading has-huge-font-size\">THE Golden Triangle: o encontro perfeito entre luxo e Exceptional Living<\/h2>\n\n\n\n<p>Um estilo de vida excepcional exige um cen\u00e1rio \u00e0 altura. Situado ao longo da mais deslumbrante costa de Portugal, o Tri\u00e2ngulo Dourado &#8211; composto por Quinta do Lago, Vale do Lobo e Vilamoura &#8211; representa a m\u00e1xima express\u00e3o do luxo e da sofistica\u00e7\u00e3o no Algarve.<\/p>\n\n\n\n<p>No Tri\u00e2ngulo Dourado, campos de golfe de prest\u00edgio mundial, praias imaculadas e resid\u00eancias luxuosas unem-se para evocar um estilo de vida intemporal marcado por uma eleg\u00e2ncia distinta.<\/p>\n<\/div><\/div><div class=\"media-col\"><figure><img loading=\"lazy\" decoding=\"async\" width=\"1306\" height=\"1088\" class=\"wp-image-2430\" src=\"https:\/\/thev.pt\/files\/uploads\/2025\/07\/the-v-golden-triangle-view.webp\" alt=\"\" title=\"the-v-golden-triangle-view\" sizes=\"auto, (min-width: 601px) 50vw, 100vw\" srcset=\"https:\/\/thev.pt\/files\/uploads\/2025\/07\/the-v-golden-triangle-view.webp 1306w, https:\/\/thev.pt\/files\/uploads\/2025\/07\/the-v-golden-triangle-view-300x250.webp 300w, https:\/\/thev.pt\/files\/uploads\/2025\/07\/the-v-golden-triangle-view-1024x853.webp 1024w, https:\/\/thev.pt\/files\/uploads\/2025\/07\/the-v-golden-triangle-view-768x640.webp 768w\" \/><\/figure><\/div><\/div>\n\n\n\n<div class=\"wp-block-kobu-custom-blocks-responsive-spacer responsive-spacer size-xlarge\"><\/div>\n\n\n\n<div class=\"wp-block-kobu-custom-blocks-inner-content-img alignwide media-content-group child-item align-right valign-start img-last\"><div class=\"content-col\"><div class=\"content-col-wrapper\">\n<h2 class=\"wp-block-heading\">O Tri\u00e2ngulo Dourado do Algarve, um mercado imobili\u00e1rio s\u00f3lido e din\u00e2mico<\/h2>\n\n\n\n<div class=\"wp-block-kobu-custom-blocks-responsive-spacer responsive-spacer size-small\"><\/div>\n\n\n\n<h3 class=\"wp-block-heading\">Vale do Lobo  <\/h3>\n\n\n\n<p>Situado junto a uma vibrante linha costeira repleta de restaurantes e bares de excel\u00eancia, Vale do Lobo \u00e9 um resort de refer\u00eancia que oferece moradias de luxo e campos de golfe excepcionais.<\/p>\n\n\n\n<p>Ao aliar o seu charme internacional a uma atmosfera descontra\u00edda e exclusiva, este \u00e9 um destino muito procurado por quem deseja desfrutar do melhor que o Algarve tem para oferecer..<\/p>\n\n\n\n<h3 class=\"wp-block-heading\">Quinta do Lago<\/h3>\n\n\n\n<p>Reconhecida como um dos destinos mais exclusivos do Algarve, a Quinta do Lago \u00e9 a ep\u00edtome da vida de luxo. Com um mercado imobili\u00e1rio distinto, restaurantes reconhecidos com estrelas Michelin e campos de golfe de renome, oferece um padr\u00e3o incompar\u00e1vel de sofistica\u00e7\u00e3o.<\/p>\n\n\n\n<p>Inserida no deslumbrante Parque Natural da Ria Formosa, esta localiza\u00e7\u00e3o prestigiada alia a beleza natural a atividades ao ar livre &#8211; do ciclismo aos desportos n\u00e1uticos &#8211; proporcionando um estilo de vida de pura eleg\u00e2ncia e distin\u00e7\u00e3o.<\/p>\n<\/div><\/div><div class=\"media-col\"><figure><img loading=\"lazy\" decoding=\"async\" width=\"872\" height=\"970\" class=\"wp-image-2433\" src=\"https:\/\/thev.pt\/files\/uploads\/2025\/07\/the-v-golden-vale-do-lobo.webp\" alt=\"Surrounding flora by Ria Formosa in Vale do Lobo.\" title=\"the-v-golden-vale-do-lobo\" sizes=\"auto, (min-width: 1201px) 35vw, (min-width: 601px) 50vw, 100vw\" srcset=\"https:\/\/thev.pt\/files\/uploads\/2025\/07\/the-v-golden-vale-do-lobo.webp 872w, https:\/\/thev.pt\/files\/uploads\/2025\/07\/the-v-golden-vale-do-lobo-270x300.webp 270w, https:\/\/thev.pt\/files\/uploads\/2025\/07\/the-v-golden-vale-do-lobo-768x854.webp 768w\" \/><\/figure><\/div><\/div>\n\n\n\n<div class=\"wp-block-kobu-custom-blocks-responsive-spacer responsive-spacer size-xlarge\"><\/div>\n\n\n\n<div class=\"wp-block-kobu-custom-blocks-inner-content-img alignwide media-content-group child-item align-left valign-start img-last align-left-padding\"><div class=\"content-col\"><div class=\"content-col-wrapper\">\n<h3 class=\"wp-block-heading\">Vilamoura <\/h3>\n\n\n\n<p>Um destino costeiro exclusivo, conhecido pela sua marina premiada, hot\u00e9is de excel\u00eancia, campos de golfe de enorme prest\u00edgio e uma vida noturna vibrante.<\/p>\n\n\n\n<p>Entre apartamentos contempor\u00e2neos e moradias elegantes, Vilamoura oferece um estilo de vida distinto e sofisticado que continua a atrair tanto visitantes como residentes.<\/p>\n\n\n\n<h3 class=\"wp-block-heading\">Almancil<strong> <\/strong><\/h3>\n\n\n\n<p>Conhecida pelo seu estilo de vida tranquilo e requintado, Almancil conta com tr\u00eas restaurantes galardoados com estrelas Michelin e uma vasta oferta de servi\u00e7os convenientes, incluindo lojas exclusivas, farm\u00e1cias, lojas de artigos de golfe e cuidados de sa\u00fade. <\/p>\n\n\n\n<p>Esta vila tranquila, por\u00e9m sofisticada, combina harmoniosamente o luxo com o acesso privilegiado ao melhor que o Algarve tem para oferecer.<\/p>\n<\/div><\/div><div class=\"media-col\"><figure><img loading=\"lazy\" decoding=\"async\" width=\"1090\" height=\"906\" class=\"wp-image-2424\" src=\"https:\/\/thev.pt\/files\/uploads\/2025\/07\/the-v-golden-triangle-golf.webp\" alt=\"A golf course in the Golden Triangle.\" title=\"the-v-golden-triangle-golf\" sizes=\"auto, (min-width: 1201px) 35vw, (min-width: 601px) 50vw, 100vw\" srcset=\"https:\/\/thev.pt\/files\/uploads\/2025\/07\/the-v-golden-triangle-golf.webp 1090w, https:\/\/thev.pt\/files\/uploads\/2025\/07\/the-v-golden-triangle-golf-300x249.webp 300w, https:\/\/thev.pt\/files\/uploads\/2025\/07\/the-v-golden-triangle-golf-1024x851.webp 1024w, https:\/\/thev.pt\/files\/uploads\/2025\/07\/the-v-golden-triangle-golf-768x638.webp 768w\" \/><\/figure><\/div><\/div>\n\n\n\n<div class=\"wp-block-kobu-custom-blocks-responsive-spacer responsive-spacer size-xlarge\"><\/div>\n\n\n\n<div class=\"wp-block-kobu-custom-blocks-inner-content-img alignwide media-content-group child-item align-right valign-start img-last right-left-padding\"><div class=\"content-col\"><div class=\"content-col-wrapper\">\n<h2 class=\"wp-block-heading\">Um investimento intemporal num estilo de vida excepcional no Tri\u00e2ngulo Dourado do Algarve<\/h2>\n\n\n\n<p>Quer procure a casa dos seus sonhos ou um investimento seguro, o Tri\u00e2ngulo Dourado do Algarve oferece uma combina\u00e7\u00e3o \u00fanica de beleza intemporal e sofistica\u00e7\u00e3o contempor\u00e2nea.<\/p>\n\n\n\n<p>Das praias banhadas pelo sol \u00e0 gastronomia premiada com estrelas Michelin, cada momento \u00e9 um convite a viver de forma \u00fanica. Descubra o endere\u00e7o mais cobi\u00e7ado do Algarve.<\/p>\n\n\n\n<p>Contacte-nos e d\u00ea in\u00edcio a um novo cap\u00edtulo no Tri\u00e2ngulo Dourado do Algarve.<\/p>\n\n\n\n<div class=\"wp-block-buttons is-layout-flex wp-block-buttons-is-layout-flex\">\n<div class=\"wp-block-button\"><a class=\"wp-block-button__link wp-element-button\" href=\"https:\/\/thev.pt\/pt-pt\/contactos\/\">Contacte-nos<\/a><\/div>\n<\/div>\n<\/div><\/div><div class=\"media-col\"><figure><img loading=\"lazy\" decoding=\"async\" width=\"872\" height=\"970\" class=\"wp-image-2421\" src=\"https:\/\/thev.pt\/files\/uploads\/2025\/07\/the-v-golden-triangle-beach.webp\" alt=\"\" title=\"the-v-golden-triangle-beach\" sizes=\"auto, (min-width: 1201px) 35vw, (min-width: 601px) 50vw, 100vw\" srcset=\"https:\/\/thev.pt\/files\/uploads\/2025\/07\/the-v-golden-triangle-beach.webp 872w, https:\/\/thev.pt\/files\/uploads\/2025\/07\/the-v-golden-triangle-beach-270x300.webp 270w, https:\/\/thev.pt\/files\/uploads\/2025\/07\/the-v-golden-triangle-beach-768x854.webp 768w\" \/><\/figure><\/div><\/div>\n\n\n\n<div class=\"wp-block-kobu-custom-blocks-responsive-spacer responsive-spacer size-xlarge\"><\/div>\n\n\n\n<div class=\"wp-block-kobu-custom-blocks-section-wrapper alignfull kobu-section apartments-slider-section is-layout-constrained wp-block-kobu-custom-blocks-section-wrapper-is-layout-constrained\">\n<h2 class=\"wp-block-heading\">Apartamentos Excepcionais.<\/h2>\n\n\n\t<div class=\"apartments-slider-block alignfull slider-gallery hidden multiple\">\n\t\t<div class=\"gallery\" role=\"list\" data-slide=\"0\" tabindex=\"0\">\n\t\t\t\t\t\t\t<div class=\"slide\" role=\"listitem\">\n\t\t\t\t\t<a href=\"https:\/\/thev.pt\/pt-pt\/apartamentos-the-v\/apartamentos-the-pool\/\">\n\t\t\t\t\t\t\t\t\t\t\t\t\t\t\t\t\t\t\t<div class=\"fixed-ratio-img\">\n\t\t\t\t\t\t\t\t<img loading=\"lazy\" decoding=\"async\" width=\"1536\" height=\"1536\" src=\"https:\/\/thev.pt\/files\/uploads\/2024\/11\/the-v-apartments-the-pool-20250723-104017-1536x1536.webp\" class=\"coverimg\" alt=\"\" sizes=\"auto, 100vw\" srcset=\"https:\/\/thev.pt\/files\/uploads\/2024\/11\/the-v-apartments-the-pool-20250723-104017-1536x1536.webp 1536w, https:\/\/thev.pt\/files\/uploads\/2024\/11\/the-v-apartments-the-pool-20250723-104017-300x300.webp 300w, https:\/\/thev.pt\/files\/uploads\/2024\/11\/the-v-apartments-the-pool-20250723-104017-1024x1024.webp 1024w, https:\/\/thev.pt\/files\/uploads\/2024\/11\/the-v-apartments-the-pool-20250723-104017-150x150.webp 150w, https:\/\/thev.pt\/files\/uploads\/2024\/11\/the-v-apartments-the-pool-20250723-104017-768x768.webp 768w, https:\/\/thev.pt\/files\/uploads\/2024\/11\/the-v-apartments-the-pool-20250723-104017.webp 1800w\" \/>\t\t\t\t\t\t\t<\/div>\n\t\t\t\t\t\t\t\t\t\t\t\t<h3>Apartamentos THE Pool<\/h3>\n\t\t\t\t\t<\/a>\n\t\t\t\t<\/div>\n\t\t\t\t\t\t\t<div class=\"slide\" role=\"listitem\">\n\t\t\t\t\t<a href=\"https:\/\/thev.pt\/pt-pt\/apartamentos-the-v\/apartamentos-the-park-view\/\">\n\t\t\t\t\t\t\t\t\t\t\t\t\t\t\t\t\t\t\t<div class=\"fixed-ratio-img\">\n\t\t\t\t\t\t\t\t<img loading=\"lazy\" decoding=\"async\" width=\"1536\" height=\"1536\" src=\"https:\/\/thev.pt\/files\/uploads\/2024\/12\/the-v-apartments-the-park-view-1-20250723-100629-1536x1536.webp\" class=\"coverimg\" alt=\"The balconies of THE V apartments, seen from the outside.\" sizes=\"auto, 100vw\" srcset=\"https:\/\/thev.pt\/files\/uploads\/2024\/12\/the-v-apartments-the-park-view-1-20250723-100629-1536x1536.webp 1536w, https:\/\/thev.pt\/files\/uploads\/2024\/12\/the-v-apartments-the-park-view-1-20250723-100629-300x300.webp 300w, https:\/\/thev.pt\/files\/uploads\/2024\/12\/the-v-apartments-the-park-view-1-20250723-100629-1024x1024.webp 1024w, https:\/\/thev.pt\/files\/uploads\/2024\/12\/the-v-apartments-the-park-view-1-20250723-100629-150x150.webp 150w, https:\/\/thev.pt\/files\/uploads\/2024\/12\/the-v-apartments-the-park-view-1-20250723-100629-768x768.webp 768w, https:\/\/thev.pt\/files\/uploads\/2024\/12\/the-v-apartments-the-park-view-1-20250723-100629.webp 1800w\" \/>\t\t\t\t\t\t\t<\/div>\n\t\t\t\t\t\t\t\t\t\t\t\t<h3>Apartamentos THE Park View<\/h3>\n\t\t\t\t\t<\/a>\n\t\t\t\t<\/div>\n\t\t\t\t\t\t\t<div class=\"slide\" role=\"listitem\">\n\t\t\t\t\t<a href=\"https:\/\/thev.pt\/pt-pt\/apartamentos-the-v\/apartamentos-the-penthouse\/\">\n\t\t\t\t\t\t\t\t\t\t\t\t\t\t\t\t\t\t\t<div class=\"fixed-ratio-img\">\n\t\t\t\t\t\t\t\t<img loading=\"lazy\" decoding=\"async\" width=\"1536\" height=\"1536\" src=\"https:\/\/thev.pt\/files\/uploads\/2024\/12\/the-v-apartments-the-penthouses-3-1536x1536.webp\" class=\"coverimg\" alt=\"\" sizes=\"auto, 100vw\" srcset=\"https:\/\/thev.pt\/files\/uploads\/2024\/12\/the-v-apartments-the-penthouses-3-1536x1536.webp 1536w, https:\/\/thev.pt\/files\/uploads\/2024\/12\/the-v-apartments-the-penthouses-3-300x300.webp 300w, https:\/\/thev.pt\/files\/uploads\/2024\/12\/the-v-apartments-the-penthouses-3-1024x1024.webp 1024w, https:\/\/thev.pt\/files\/uploads\/2024\/12\/the-v-apartments-the-penthouses-3-150x150.webp 150w, https:\/\/thev.pt\/files\/uploads\/2024\/12\/the-v-apartments-the-penthouses-3-768x768.webp 768w, https:\/\/thev.pt\/files\/uploads\/2024\/12\/the-v-apartments-the-penthouses-3.webp 1800w\" \/>\t\t\t\t\t\t\t<\/div>\n\t\t\t\t\t\t\t\t\t\t\t\t<h3>Apartamentos THE Penthouse<\/h3>\n\t\t\t\t\t<\/a>\n\t\t\t\t<\/div>\n\t\t\t\t\t<\/div>\n\t<\/div>\n\n\n\n<div class=\"wp-block-buttons alignwide is-content-justification-center is-layout-flex wp-container-core-buttons-is-layout-16018d1d wp-block-buttons-is-layout-flex\">\n<div class=\"wp-block-button read-more\"><a class=\"wp-block-button__link wp-element-button\" href=\"https:\/\/thev.pt\/pt-pt\/apartamentos-the-v\/\">Saber mais sobre os apartamentos<\/a><\/div>\n<\/div>\n\n\n\n<div class=\"wp-block-kobu-custom-blocks-responsive-spacer responsive-spacer size-xlarge\"><\/div>\n<\/div>\n\n\n\n<div class=\"wp-block-kobu-custom-blocks-section-wrapper alignfull kobu-section our-partners is-layout-constrained wp-block-kobu-custom-blocks-section-wrapper-is-layout-constrained\">\n<h2 class=\"wp-block-heading alignfull has-medium-font-size\" id=\"our-partners-3\">Os Nossos Parceiros<\/h2>\n\n\n\t<div class=\"partners-logos-slider-block alignfull slider-gallery hidden multiple\">\n\t\t<div class=\"gallery\" role=\"list\" data-slide=\"0\" tabindex=\"0\">\n\t\t\t\t\t\t\t<div class=\"slide\" role=\"listitem\">\n\t\t\t\t\t\t\t\t\t\t\t<div class=\"featured-img\">\n\t\t\t\t\t\t\t<img loading=\"lazy\" decoding=\"async\" width=\"374\" height=\"136\" src=\"https:\/\/thev.pt\/files\/uploads\/2025\/07\/the-v-partner-david-sinclair-arquitectos-associados-1.webp\" class=\"\" alt=\"David Sinclair Arquitectos Associados\" sizes=\"auto, 100vw\" srcset=\"https:\/\/thev.pt\/files\/uploads\/2025\/07\/the-v-partner-david-sinclair-arquitectos-associados-1.webp 374w, https:\/\/thev.pt\/files\/uploads\/2025\/07\/the-v-partner-david-sinclair-arquitectos-associados-1-300x109.webp 300w\" \/>\t\t\t\t\t\t<\/div>\n\t\t\t\t\t\t\t\t\t<\/div>\n\t\t\t\t\t\t\t<div class=\"slide\" role=\"listitem\">\n\t\t\t\t\t\t\t\t\t\t\t<div class=\"featured-img\">\n\t\t\t\t\t\t\t<img loading=\"lazy\" decoding=\"async\" width=\"260\" height=\"120\" src=\"https:\/\/thev.pt\/files\/uploads\/2025\/07\/the-v-partner-marques-antunes-1.webp\" class=\"\" alt=\"MAE logo\" sizes=\"auto, 100vw\" \/>\t\t\t\t\t\t<\/div>\n\t\t\t\t\t\t\t\t\t<\/div>\n\t\t\t\t\t\t\t<div class=\"slide\" role=\"listitem\">\n\t\t\t\t\t\t\t\t\t\t\t<div class=\"featured-img\">\n\t\t\t\t\t\t\t<img loading=\"lazy\" decoding=\"async\" width=\"78\" height=\"23\" src=\"https:\/\/thev.pt\/files\/uploads\/2025\/07\/the-v-partners-projectline.svg\" class=\"\" alt=\"Projectline logo\" sizes=\"auto, 100vw\" \/>\t\t\t\t\t\t<\/div>\n\t\t\t\t\t\t\t\t\t<\/div>\n\t\t\t\t\t\t\t<div class=\"slide\" role=\"listitem\">\n\t\t\t\t\t\t\t\t\t\t\t<div class=\"featured-img\">\n\t\t\t\t\t\t\t<img loading=\"lazy\" decoding=\"async\" width=\"264\" height=\"120\" src=\"https:\/\/thev.pt\/files\/uploads\/2025\/07\/the-v-partner-edwin-loxley-1.webp\" class=\"\" alt=\"Edwin Loxley logo\" sizes=\"auto, 100vw\" \/>\t\t\t\t\t\t<\/div>\n\t\t\t\t\t\t\t\t\t<\/div>\n\t\t\t\t\t\t\t<div class=\"slide\" role=\"listitem\">\n\t\t\t\t\t\t\t\t\t\t\t<div class=\"featured-img\">\n\t\t\t\t\t\t\t<img loading=\"lazy\" decoding=\"async\" width=\"184\" height=\"120\" src=\"https:\/\/thev.pt\/files\/uploads\/2025\/07\/the-v-partner-jardim-vista-1.webp\" class=\"\" alt=\"Jardim Vista logo\" sizes=\"auto, 100vw\" \/>\t\t\t\t\t\t<\/div>\n\t\t\t\t\t\t\t\t\t<\/div>\n\t\t\t\t\t\t\t<div class=\"slide\" role=\"listitem\">\n\t\t\t\t\t\t\t\t\t\t\t<div class=\"featured-img\">\n\t\t\t\t\t\t\t<img loading=\"lazy\" decoding=\"async\" width=\"120\" height=\"120\" src=\"https:\/\/thev.pt\/files\/uploads\/2025\/07\/the-v-partner-pure-allure-interior-1.webp\" class=\"\" alt=\"Pure Allure Interior logo\" sizes=\"auto, 100vw\" \/>\t\t\t\t\t\t<\/div>\n\t\t\t\t\t\t\t\t\t<\/div>\n\t\t\t\t\t\t\t<div class=\"slide\" role=\"listitem\">\n\t\t\t\t\t\t\t\t\t\t\t<div class=\"featured-img\">\n\t\t\t\t\t\t\t<img loading=\"lazy\" decoding=\"async\" width=\"330\" height=\"120\" src=\"https:\/\/thev.pt\/files\/uploads\/2025\/07\/the-v-partner-kobu-agency-1.webp\" class=\"\" alt=\"KOBU Agency logo\" sizes=\"auto, 100vw\" srcset=\"https:\/\/thev.pt\/files\/uploads\/2025\/07\/the-v-partner-kobu-agency-1.webp 330w, https:\/\/thev.pt\/files\/uploads\/2025\/07\/the-v-partner-kobu-agency-1-300x109.webp 300w\" \/>\t\t\t\t\t\t<\/div>\n\t\t\t\t\t\t\t\t\t<\/div>\n\t\t\t\t\t\t\t<div class=\"slide\" role=\"listitem\">\n\t\t\t\t\t\t\t\t\t\t\t<div class=\"featured-img\">\n\t\t\t\t\t\t\t<img loading=\"lazy\" decoding=\"async\" width=\"520\" height=\"240\" src=\"https:\/\/thev.pt\/files\/uploads\/2024\/12\/logo-golden-triangle-properties-2.webp\" class=\"\" alt=\"Golden Triangle Properties logo\" sizes=\"auto, 100vw\" srcset=\"https:\/\/thev.pt\/files\/uploads\/2024\/12\/logo-golden-triangle-properties-2.webp 520w, https:\/\/thev.pt\/files\/uploads\/2024\/12\/logo-golden-triangle-properties-2-300x138.webp 300w\" \/>\t\t\t\t\t\t<\/div>\n\t\t\t\t\t\t\t\t\t<\/div>\n\t\t\t\t\t<\/div>\n\t<\/div>\n<\/div>\n","protected":false},"excerpt":{"rendered":"","protected":false},"author":3,"featured_media":2429,"parent":69,"menu_order":0,"comment_status":"closed","ping_status":"closed","template":"","meta":{"_acf_changed":false,"inline_featured_image":false,"footnotes":""},"class_list":["post-1510","page","type-page","status-publish","has-post-thumbnail","hentry"],"acf":[],"_links":{"self":[{"href":"https:\/\/thev.pt\/pt-pt\/wp-json\/wp\/v2\/pages\/1510","targetHints":{"allow":["GET"]}}],"collection":[{"href":"https:\/\/thev.pt\/pt-pt\/wp-json\/wp\/v2\/pages"}],"about":[{"href":"https:\/\/thev.pt\/pt-pt\/wp-json\/wp\/v2\/types\/page"}],"author":[{"embeddable":true,"href":"https:\/\/thev.pt\/pt-pt\/wp-json\/wp\/v2\/users\/3"}],"replies":[{"embeddable":true,"href":"https:\/\/thev.pt\/pt-pt\/wp-json\/wp\/v2\/comments?post=1510"}],"version-history":[{"count":5,"href":"https:\/\/thev.pt\/pt-pt\/wp-json\/wp\/v2\/pages\/1510\/revisions"}],"predecessor-version":[{"id":3737,"href":"https:\/\/thev.pt\/pt-pt\/wp-json\/wp\/v2\/pages\/1510\/revisions\/3737"}],"up":[{"embeddable":true,"href":"https:\/\/thev.pt\/pt-pt\/wp-json\/wp\/v2\/pages\/69"}],"wp:featuredmedia":[{"embeddable":true,"href":"https:\/\/thev.pt\/pt-pt\/wp-json\/wp\/v2\/media\/2429"}],"wp:attachment":[{"href":"https:\/\/thev.pt\/pt-pt\/wp-json\/wp\/v2\/media?parent=1510"}],"curies":[{"name":"wp","href":"https:\/\/api.w.org\/{rel}","templated":true}]}}