{"id":1506,"date":"2024-11-04T17:33:31","date_gmt":"2024-11-04T17:33:31","guid":{"rendered":"https:\/\/thev.pt\/exceptional-living-pt\/algarve\/"},"modified":"2025-09-05T16:51:07","modified_gmt":"2025-09-05T16:51:07","slug":"the-algarve","status":"publish","type":"page","link":"https:\/\/thev.pt\/pt-pt\/exceptional-living\/the-algarve\/","title":{"rendered":"THE Algarve"},"content":{"rendered":"\n<div class=\"wp-block-kobu-custom-blocks-responsive-spacer responsive-spacer size-xlarge\"><\/div>\n\n\n\n<div class=\"wp-block-kobu-custom-blocks-inner-content-img alignfull media-content-group child-item align-left valign-start img-last\"><div class=\"content-col\"><div class=\"content-col-wrapper\">\n<h2 class=\"wp-block-heading has-huge-font-size\">O clima perfeito, uma vida excepcional<\/h2>\n\n\n\n<p>Viver no THE V \u00e9 entregar-se a uma simplicidade sofisticada, num cen\u00e1rio calmo e sublime onde cada dia come\u00e7a com leveza e tranquilidade.<\/p>\n<\/div><\/div><div class=\"media-col\"><figure><img loading=\"lazy\" decoding=\"async\" width=\"1306\" height=\"1088\" class=\"wp-image-2404\" src=\"https:\/\/thev.pt\/files\/uploads\/2025\/07\/the-v-algarve-golden-triangle-view.webp\" alt=\"\" title=\"the-v-algarve-golden-triangle-view\" sizes=\"auto, (min-width: 601px) 50vw, 100vw\" srcset=\"https:\/\/thev.pt\/files\/uploads\/2025\/07\/the-v-algarve-golden-triangle-view.webp 1306w, https:\/\/thev.pt\/files\/uploads\/2025\/07\/the-v-algarve-golden-triangle-view-300x250.webp 300w, https:\/\/thev.pt\/files\/uploads\/2025\/07\/the-v-algarve-golden-triangle-view-1024x853.webp 1024w, https:\/\/thev.pt\/files\/uploads\/2025\/07\/the-v-algarve-golden-triangle-view-768x640.webp 768w\" \/><\/figure><\/div><\/div>\n\n\n\n<div class=\"wp-block-kobu-custom-blocks-responsive-spacer responsive-spacer size-xlarge\"><\/div>\n\n\n\n<div class=\"wp-block-kobu-custom-blocks-inner-content-img alignwide media-content-group child-item align-right valign-start img-last\"><div class=\"content-col\"><div class=\"content-col-wrapper\">\n<h2 class=\"wp-block-heading\">Experiencie uma vida excepcional no Tri\u00e2ngulo Dourado do Algarve<\/h2>\n\n\n\n<p>Dos destinos de excel\u00eancia do Tri\u00e2ngulo Dourado \u2014 Quinta do Lago, Vale do Lobo e Vilamoura \u2014 onde prestigiados campos de golfe se fundem com a serenidade da natureza, ao charme intemporal e \u00e0 beleza aut\u00eantica do Algarve mais amplo. <\/p>\n\n\n\n<p>Este \u00e9 um destino definido pela sofistica\u00e7\u00e3o e tranquilidade. Seja pela marina vibrante, pela gastronomia requintada ou pelo ambiente exclusivo, o Algarve oferece um estilo de vida onde a tranquilidade e a aventura andam de m\u00e3os dadas.<\/p>\n\n\n\n<div class=\"wp-block-buttons is-layout-flex wp-block-buttons-is-layout-flex\">\n<div class=\"wp-block-button\"><a class=\"wp-block-button__link wp-element-button\" href=\"https:\/\/thev.pt\/pt-pt\/exceptional-living-pt\/the-golden-triangle\/\">Descubra THE Golden Triangle<\/a><\/div>\n<\/div>\n<\/div><\/div><div class=\"media-col\"><figure><img loading=\"lazy\" decoding=\"async\" width=\"742\" height=\"1000\" class=\"wp-image-694\" src=\"https:\/\/thev.pt\/files\/uploads\/2024\/11\/algarve-05.webp\" alt=\"\" title=\"algarve-05\" sizes=\"auto, (min-width: 1201px) 35vw, (min-width: 601px) 50vw, 100vw\" srcset=\"https:\/\/thev.pt\/files\/uploads\/2024\/11\/algarve-05.webp 742w, https:\/\/thev.pt\/files\/uploads\/2024\/11\/algarve-05-223x300.webp 223w\" \/><\/figure><\/div><\/div>\n\n\n\n<div class=\"wp-block-kobu-custom-blocks-responsive-spacer responsive-spacer size-xlarge\"><\/div>\n\n\n\n<div class=\"wp-block-group alignwide middle-p-2 is-layout-flow wp-block-group-is-layout-flow\">\n<h2 class=\"wp-block-heading\">Descubra o Algarve, a ep\u00edtome do Exceptional Living<\/h2>\n\n\n\n<p>Explore os cen\u00e1rios mais cativantes do Algarve, onde praias paradis\u00edacas se cruzam com horizontes de azul infinito, trilhos banhados de sol serpenteiam por aldeias encantadoras e campos de golfe se fundem na perfei\u00e7\u00e3o com a paisagem natural.<\/p>\n\n\n\n<p>No centro de tudo, o Tri\u00e2ngulo Dourado revela um estilo de vida de pura sofistica\u00e7\u00e3o, onde a gastronomia de classe mundial, a eleg\u00e2ncia intemporal e um profundo sentimento de perten\u00e7a definem uma forma de viver verdadeiramente excepcional.<\/p>\n<\/div>\n\n\n\n<div class=\"wp-block-kobu-custom-blocks-responsive-spacer responsive-spacer size-medium\"><\/div>\n\n\n\n<div class=\"wp-block-kobu-custom-blocks-slider-gallery alignfull\"><div class=\"slider-gallery gallery-container hidden  multiple\"><div class=\"gallery \" role=\"list\"><div class=\"slide\" role=\"listitem\"><div class=\"figure-wrapper\"><figure><img loading=\"lazy\" decoding=\"async\" width=\"1136\" height=\"1000\" class=\"wp-image-2413\" src=\"https:\/\/thev.pt\/files\/uploads\/2025\/07\/the-v-algarve-view.webp\" alt=\"\" sizes=\"auto, 100vw\" srcset=\"https:\/\/thev.pt\/files\/uploads\/2025\/07\/the-v-algarve-view.webp 1136w, https:\/\/thev.pt\/files\/uploads\/2025\/07\/the-v-algarve-view-300x264.webp 300w, https:\/\/thev.pt\/files\/uploads\/2025\/07\/the-v-algarve-view-1024x901.webp 1024w, https:\/\/thev.pt\/files\/uploads\/2025\/07\/the-v-algarve-view-768x676.webp 768w\" \/><\/figure><\/div><\/div><div class=\"slide\" role=\"listitem\"><div class=\"figure-wrapper\"><figure><img loading=\"lazy\" decoding=\"async\" width=\"1090\" height=\"906\" class=\"wp-image-2410\" src=\"https:\/\/thev.pt\/files\/uploads\/2025\/07\/the-v-algarve-medlars-tree-and-church.webp\" alt=\"\" sizes=\"auto, 100vw\" srcset=\"https:\/\/thev.pt\/files\/uploads\/2025\/07\/the-v-algarve-medlars-tree-and-church.webp 1090w, https:\/\/thev.pt\/files\/uploads\/2025\/07\/the-v-algarve-medlars-tree-and-church-300x249.webp 300w, https:\/\/thev.pt\/files\/uploads\/2025\/07\/the-v-algarve-medlars-tree-and-church-1024x851.webp 1024w, https:\/\/thev.pt\/files\/uploads\/2025\/07\/the-v-algarve-medlars-tree-and-church-768x638.webp 768w\" \/><\/figure><\/div><\/div><div class=\"slide\" role=\"listitem\"><div class=\"figure-wrapper\"><figure><img loading=\"lazy\" decoding=\"async\" width=\"1418\" height=\"1000\" class=\"wp-image-2398\" src=\"https:\/\/thev.pt\/files\/uploads\/2025\/07\/the-v-algarve-beach.webp\" alt=\"\" sizes=\"auto, 100vw\" srcset=\"https:\/\/thev.pt\/files\/uploads\/2025\/07\/the-v-algarve-beach.webp 1418w, https:\/\/thev.pt\/files\/uploads\/2025\/07\/the-v-algarve-beach-300x212.webp 300w, https:\/\/thev.pt\/files\/uploads\/2025\/07\/the-v-algarve-beach-1024x722.webp 1024w, https:\/\/thev.pt\/files\/uploads\/2025\/07\/the-v-algarve-beach-768x542.webp 768w\" \/><\/figure><\/div><\/div><div class=\"slide\" role=\"listitem\"><div class=\"figure-wrapper\"><figure><img loading=\"lazy\" decoding=\"async\" width=\"1136\" height=\"1000\" class=\"wp-image-2903\" src=\"https:\/\/thev.pt\/files\/uploads\/2025\/07\/the-v-apartments-algarve-beach.webp\" alt=\"\" sizes=\"auto, 100vw\" srcset=\"https:\/\/thev.pt\/files\/uploads\/2025\/07\/the-v-apartments-algarve-beach.webp 1136w, https:\/\/thev.pt\/files\/uploads\/2025\/07\/the-v-apartments-algarve-beach-300x264.webp 300w, https:\/\/thev.pt\/files\/uploads\/2025\/07\/the-v-apartments-algarve-beach-1024x901.webp 1024w, https:\/\/thev.pt\/files\/uploads\/2025\/07\/the-v-apartments-algarve-beach-768x676.webp 768w\" \/><\/figure><\/div><\/div><\/div><\/div><\/div>\n\n\n\n<div class=\"wp-block-kobu-custom-blocks-responsive-spacer responsive-spacer size-xlarge\"><\/div>\n\n\n\n<div class=\"wp-block-kobu-custom-blocks-section-wrapper alignfull kobu-section apartments-slider-section is-layout-constrained wp-block-kobu-custom-blocks-section-wrapper-is-layout-constrained\">\n<h2 class=\"wp-block-heading\">Apartamentos Excepcionais.<\/h2>\n\n\n\t<div class=\"apartments-slider-block alignfull slider-gallery hidden multiple\">\n\t\t<div class=\"gallery\" role=\"list\" data-slide=\"0\" tabindex=\"0\">\n\t\t\t\t\t\t\t<div class=\"slide\" role=\"listitem\">\n\t\t\t\t\t<a href=\"https:\/\/thev.pt\/pt-pt\/apartamentos-the-v\/apartamentos-the-pool\/\">\n\t\t\t\t\t\t\t\t\t\t\t\t\t\t\t\t\t\t\t<div class=\"fixed-ratio-img\">\n\t\t\t\t\t\t\t\t<img loading=\"lazy\" decoding=\"async\" width=\"1536\" height=\"1536\" src=\"https:\/\/thev.pt\/files\/uploads\/2024\/11\/the-v-apartments-the-pool-20250723-104017-1536x1536.webp\" class=\"coverimg\" alt=\"\" sizes=\"auto, 100vw\" srcset=\"https:\/\/thev.pt\/files\/uploads\/2024\/11\/the-v-apartments-the-pool-20250723-104017-1536x1536.webp 1536w, https:\/\/thev.pt\/files\/uploads\/2024\/11\/the-v-apartments-the-pool-20250723-104017-300x300.webp 300w, https:\/\/thev.pt\/files\/uploads\/2024\/11\/the-v-apartments-the-pool-20250723-104017-1024x1024.webp 1024w, https:\/\/thev.pt\/files\/uploads\/2024\/11\/the-v-apartments-the-pool-20250723-104017-150x150.webp 150w, https:\/\/thev.pt\/files\/uploads\/2024\/11\/the-v-apartments-the-pool-20250723-104017-768x768.webp 768w, https:\/\/thev.pt\/files\/uploads\/2024\/11\/the-v-apartments-the-pool-20250723-104017.webp 1800w\" \/>\t\t\t\t\t\t\t<\/div>\n\t\t\t\t\t\t\t\t\t\t\t\t<h3>Apartamentos THE Pool<\/h3>\n\t\t\t\t\t<\/a>\n\t\t\t\t<\/div>\n\t\t\t\t\t\t\t<div class=\"slide\" role=\"listitem\">\n\t\t\t\t\t<a href=\"https:\/\/thev.pt\/pt-pt\/apartamentos-the-v\/apartamentos-the-park-view\/\">\n\t\t\t\t\t\t\t\t\t\t\t\t\t\t\t\t\t\t\t<div class=\"fixed-ratio-img\">\n\t\t\t\t\t\t\t\t<img loading=\"lazy\" decoding=\"async\" width=\"1536\" height=\"1536\" src=\"https:\/\/thev.pt\/files\/uploads\/2024\/12\/the-v-apartments-the-park-view-1-20250723-100629-1536x1536.webp\" class=\"coverimg\" alt=\"The balconies of THE V apartments, seen from the outside.\" sizes=\"auto, 100vw\" srcset=\"https:\/\/thev.pt\/files\/uploads\/2024\/12\/the-v-apartments-the-park-view-1-20250723-100629-1536x1536.webp 1536w, https:\/\/thev.pt\/files\/uploads\/2024\/12\/the-v-apartments-the-park-view-1-20250723-100629-300x300.webp 300w, https:\/\/thev.pt\/files\/uploads\/2024\/12\/the-v-apartments-the-park-view-1-20250723-100629-1024x1024.webp 1024w, https:\/\/thev.pt\/files\/uploads\/2024\/12\/the-v-apartments-the-park-view-1-20250723-100629-150x150.webp 150w, https:\/\/thev.pt\/files\/uploads\/2024\/12\/the-v-apartments-the-park-view-1-20250723-100629-768x768.webp 768w, https:\/\/thev.pt\/files\/uploads\/2024\/12\/the-v-apartments-the-park-view-1-20250723-100629.webp 1800w\" \/>\t\t\t\t\t\t\t<\/div>\n\t\t\t\t\t\t\t\t\t\t\t\t<h3>Apartamentos THE Park View<\/h3>\n\t\t\t\t\t<\/a>\n\t\t\t\t<\/div>\n\t\t\t\t\t\t\t<div class=\"slide\" role=\"listitem\">\n\t\t\t\t\t<a href=\"https:\/\/thev.pt\/pt-pt\/apartamentos-the-v\/apartamentos-the-penthouse\/\">\n\t\t\t\t\t\t\t\t\t\t\t\t\t\t\t\t\t\t\t<div class=\"fixed-ratio-img\">\n\t\t\t\t\t\t\t\t<img loading=\"lazy\" decoding=\"async\" width=\"1536\" height=\"1536\" src=\"https:\/\/thev.pt\/files\/uploads\/2024\/12\/the-v-apartments-the-penthouses-3-1536x1536.webp\" class=\"coverimg\" alt=\"\" sizes=\"auto, 100vw\" srcset=\"https:\/\/thev.pt\/files\/uploads\/2024\/12\/the-v-apartments-the-penthouses-3-1536x1536.webp 1536w, https:\/\/thev.pt\/files\/uploads\/2024\/12\/the-v-apartments-the-penthouses-3-300x300.webp 300w, https:\/\/thev.pt\/files\/uploads\/2024\/12\/the-v-apartments-the-penthouses-3-1024x1024.webp 1024w, https:\/\/thev.pt\/files\/uploads\/2024\/12\/the-v-apartments-the-penthouses-3-150x150.webp 150w, https:\/\/thev.pt\/files\/uploads\/2024\/12\/the-v-apartments-the-penthouses-3-768x768.webp 768w, https:\/\/thev.pt\/files\/uploads\/2024\/12\/the-v-apartments-the-penthouses-3.webp 1800w\" \/>\t\t\t\t\t\t\t<\/div>\n\t\t\t\t\t\t\t\t\t\t\t\t<h3>Apartamentos THE Penthouse<\/h3>\n\t\t\t\t\t<\/a>\n\t\t\t\t<\/div>\n\t\t\t\t\t<\/div>\n\t<\/div>\n\n\n\n<div class=\"wp-block-buttons alignwide is-content-justification-center is-layout-flex wp-container-core-buttons-is-layout-16018d1d wp-block-buttons-is-layout-flex\">\n<div class=\"wp-block-button read-more\"><a class=\"wp-block-button__link wp-element-button\" href=\"https:\/\/thev.pt\/pt-pt\/apartamentos-the-v\/\">Saber mais sobre os apartamentos<\/a><\/div>\n<\/div>\n\n\n\n<div class=\"wp-block-kobu-custom-blocks-responsive-spacer responsive-spacer size-xlarge\"><\/div>\n<\/div>\n\n\n\n<div class=\"wp-block-kobu-custom-blocks-section-wrapper alignfull kobu-section our-partners is-layout-constrained wp-block-kobu-custom-blocks-section-wrapper-is-layout-constrained\">\n<h2 class=\"wp-block-heading alignfull has-medium-font-size\" id=\"our-partners-3\">Os Nossos Parceiros<\/h2>\n\n\n\t<div class=\"partners-logos-slider-block alignfull slider-gallery hidden multiple\">\n\t\t<div class=\"gallery\" role=\"list\" data-slide=\"0\" tabindex=\"0\">\n\t\t\t\t\t\t\t<div class=\"slide\" role=\"listitem\">\n\t\t\t\t\t\t\t\t\t\t\t<div class=\"featured-img\">\n\t\t\t\t\t\t\t<img loading=\"lazy\" decoding=\"async\" width=\"374\" height=\"136\" src=\"https:\/\/thev.pt\/files\/uploads\/2025\/07\/the-v-partner-david-sinclair-arquitectos-associados-1.webp\" class=\"\" alt=\"David Sinclair Arquitectos Associados\" sizes=\"auto, 100vw\" srcset=\"https:\/\/thev.pt\/files\/uploads\/2025\/07\/the-v-partner-david-sinclair-arquitectos-associados-1.webp 374w, https:\/\/thev.pt\/files\/uploads\/2025\/07\/the-v-partner-david-sinclair-arquitectos-associados-1-300x109.webp 300w\" \/>\t\t\t\t\t\t<\/div>\n\t\t\t\t\t\t\t\t\t<\/div>\n\t\t\t\t\t\t\t<div class=\"slide\" role=\"listitem\">\n\t\t\t\t\t\t\t\t\t\t\t<div class=\"featured-img\">\n\t\t\t\t\t\t\t<img loading=\"lazy\" decoding=\"async\" width=\"260\" height=\"120\" src=\"https:\/\/thev.pt\/files\/uploads\/2025\/07\/the-v-partner-marques-antunes-1.webp\" class=\"\" alt=\"MAE logo\" sizes=\"auto, 100vw\" \/>\t\t\t\t\t\t<\/div>\n\t\t\t\t\t\t\t\t\t<\/div>\n\t\t\t\t\t\t\t<div class=\"slide\" role=\"listitem\">\n\t\t\t\t\t\t\t\t\t\t\t<div class=\"featured-img\">\n\t\t\t\t\t\t\t<img loading=\"lazy\" decoding=\"async\" width=\"78\" height=\"23\" src=\"https:\/\/thev.pt\/files\/uploads\/2025\/07\/the-v-partners-projectline.svg\" class=\"\" alt=\"Projectline logo\" sizes=\"auto, 100vw\" \/>\t\t\t\t\t\t<\/div>\n\t\t\t\t\t\t\t\t\t<\/div>\n\t\t\t\t\t\t\t<div class=\"slide\" role=\"listitem\">\n\t\t\t\t\t\t\t\t\t\t\t<div class=\"featured-img\">\n\t\t\t\t\t\t\t<img loading=\"lazy\" decoding=\"async\" width=\"264\" height=\"120\" src=\"https:\/\/thev.pt\/files\/uploads\/2025\/07\/the-v-partner-edwin-loxley-1.webp\" class=\"\" alt=\"Edwin Loxley logo\" sizes=\"auto, 100vw\" \/>\t\t\t\t\t\t<\/div>\n\t\t\t\t\t\t\t\t\t<\/div>\n\t\t\t\t\t\t\t<div class=\"slide\" role=\"listitem\">\n\t\t\t\t\t\t\t\t\t\t\t<div class=\"featured-img\">\n\t\t\t\t\t\t\t<img loading=\"lazy\" decoding=\"async\" width=\"184\" height=\"120\" src=\"https:\/\/thev.pt\/files\/uploads\/2025\/07\/the-v-partner-jardim-vista-1.webp\" class=\"\" alt=\"Jardim Vista logo\" sizes=\"auto, 100vw\" \/>\t\t\t\t\t\t<\/div>\n\t\t\t\t\t\t\t\t\t<\/div>\n\t\t\t\t\t\t\t<div class=\"slide\" role=\"listitem\">\n\t\t\t\t\t\t\t\t\t\t\t<div class=\"featured-img\">\n\t\t\t\t\t\t\t<img loading=\"lazy\" decoding=\"async\" width=\"120\" height=\"120\" src=\"https:\/\/thev.pt\/files\/uploads\/2025\/07\/the-v-partner-pure-allure-interior-1.webp\" class=\"\" alt=\"Pure Allure Interior logo\" sizes=\"auto, 100vw\" \/>\t\t\t\t\t\t<\/div>\n\t\t\t\t\t\t\t\t\t<\/div>\n\t\t\t\t\t\t\t<div class=\"slide\" role=\"listitem\">\n\t\t\t\t\t\t\t\t\t\t\t<div class=\"featured-img\">\n\t\t\t\t\t\t\t<img loading=\"lazy\" decoding=\"async\" width=\"330\" height=\"120\" src=\"https:\/\/thev.pt\/files\/uploads\/2025\/07\/the-v-partner-kobu-agency-1.webp\" class=\"\" alt=\"KOBU Agency logo\" sizes=\"auto, 100vw\" srcset=\"https:\/\/thev.pt\/files\/uploads\/2025\/07\/the-v-partner-kobu-agency-1.webp 330w, https:\/\/thev.pt\/files\/uploads\/2025\/07\/the-v-partner-kobu-agency-1-300x109.webp 300w\" \/>\t\t\t\t\t\t<\/div>\n\t\t\t\t\t\t\t\t\t<\/div>\n\t\t\t\t\t\t\t<div class=\"slide\" role=\"listitem\">\n\t\t\t\t\t\t\t\t\t\t\t<div class=\"featured-img\">\n\t\t\t\t\t\t\t<img loading=\"lazy\" decoding=\"async\" width=\"520\" height=\"240\" src=\"https:\/\/thev.pt\/files\/uploads\/2024\/12\/logo-golden-triangle-properties-2.webp\" class=\"\" alt=\"Golden Triangle Properties logo\" sizes=\"auto, 100vw\" srcset=\"https:\/\/thev.pt\/files\/uploads\/2024\/12\/logo-golden-triangle-properties-2.webp 520w, https:\/\/thev.pt\/files\/uploads\/2024\/12\/logo-golden-triangle-properties-2-300x138.webp 300w\" \/>\t\t\t\t\t\t<\/div>\n\t\t\t\t\t\t\t\t\t<\/div>\n\t\t\t\t\t<\/div>\n\t<\/div>\n<\/div>\n","protected":false},"excerpt":{"rendered":"<p>Descubra o Algarve, a ep\u00edtome do Exceptional Living Explore os cen\u00e1rios mais cativantes do Algarve, onde praias paradis\u00edacas se cruzam com horizontes de azul infinito, [&hellip;]<\/p>\n","protected":false},"author":3,"featured_media":2403,"parent":69,"menu_order":0,"comment_status":"closed","ping_status":"closed","template":"","meta":{"_acf_changed":false,"inline_featured_image":false,"footnotes":""},"class_list":["post-1506","page","type-page","status-publish","has-post-thumbnail","hentry"],"acf":[],"_links":{"self":[{"href":"https:\/\/thev.pt\/pt-pt\/wp-json\/wp\/v2\/pages\/1506","targetHints":{"allow":["GET"]}}],"collection":[{"href":"https:\/\/thev.pt\/pt-pt\/wp-json\/wp\/v2\/pages"}],"about":[{"href":"https:\/\/thev.pt\/pt-pt\/wp-json\/wp\/v2\/types\/page"}],"author":[{"embeddable":true,"href":"https:\/\/thev.pt\/pt-pt\/wp-json\/wp\/v2\/users\/3"}],"replies":[{"embeddable":true,"href":"https:\/\/thev.pt\/pt-pt\/wp-json\/wp\/v2\/comments?post=1506"}],"version-history":[{"count":5,"href":"https:\/\/thev.pt\/pt-pt\/wp-json\/wp\/v2\/pages\/1506\/revisions"}],"predecessor-version":[{"id":3736,"href":"https:\/\/thev.pt\/pt-pt\/wp-json\/wp\/v2\/pages\/1506\/revisions\/3736"}],"up":[{"embeddable":true,"href":"https:\/\/thev.pt\/pt-pt\/wp-json\/wp\/v2\/pages\/69"}],"wp:featuredmedia":[{"embeddable":true,"href":"https:\/\/thev.pt\/pt-pt\/wp-json\/wp\/v2\/media\/2403"}],"wp:attachment":[{"href":"https:\/\/thev.pt\/pt-pt\/wp-json\/wp\/v2\/media?parent=1506"}],"curies":[{"name":"wp","href":"https:\/\/api.w.org\/{rel}","templated":true}]}}