{"id":1498,"date":"2024-11-04T17:31:19","date_gmt":"2024-11-04T17:31:19","guid":{"rendered":"https:\/\/thev.pt\/exceptional-living-pt\/the-park\/"},"modified":"2025-09-05T16:59:35","modified_gmt":"2025-09-05T16:59:35","slug":"the-park","status":"publish","type":"page","link":"https:\/\/thev.pt\/pt-pt\/exceptional-living\/the-park\/","title":{"rendered":"THE Park"},"content":{"rendered":"\n<div class=\"wp-block-kobu-custom-blocks-responsive-spacer responsive-spacer size-xlarge\"><\/div>\n\n\n\n<h2 class=\"wp-block-heading alignwide content-with-margin-left has-huge-font-size\">Deixe-se envolver pela serenidade da natureza no THE Park<\/h2>\n\n\n\n<div class=\"wp-block-kobu-custom-blocks-responsive-spacer responsive-spacer size-custom hide-xs\" data-small=\"30\" data-medium=\"30\" data-large=\"30\" style=\"height:30px\"><\/div>\n\n\n<noscript class=\"loading-lazy\">\n<figure class=\"wp-block-image alignfull size-large no-margins-on-mobile\"><img loading=\"lazy\" decoding=\"async\" width=\"1024\" height=\"489\" src=\"https:\/\/thev.pt\/files\/uploads\/2025\/07\/the-v-the-park-1-1024x489.webp\" alt=\"\" class=\"wp-image-2556\" srcset=\"https:\/\/thev.pt\/files\/uploads\/2025\/07\/the-v-the-park-1-1024x489.webp 1024w, https:\/\/thev.pt\/files\/uploads\/2025\/07\/the-v-the-park-1-300x143.webp 300w, https:\/\/thev.pt\/files\/uploads\/2025\/07\/the-v-the-park-1-768x367.webp 768w, https:\/\/thev.pt\/files\/uploads\/2025\/07\/the-v-the-park-1-1536x734.webp 1536w, https:\/\/thev.pt\/files\/uploads\/2025\/07\/the-v-the-park-1-2048x979.webp 2048w\" sizes=\"auto, (max-width: 1024px) 100vw, 1024px\" \/><\/figure>\n<\/noscript>\n\n\n<div class=\"wp-block-kobu-custom-blocks-responsive-spacer responsive-spacer size-medium\"><\/div>\n\n\n\n<p class=\"alignwide has-text-align-wide content-with-margin-left\">Perfeitamente concebido pela Jardim Vista, o THE Park \u00e9 um parque tranquilo de pinhal com vegeta\u00e7\u00e3o aut\u00f3ctone do Mediterr\u00e2neo.<\/p>\n\n\n\n<p class=\"alignwide has-text-align-wide content-with-margin-left\">Inserido num cen\u00e1rio sereno e paisag\u00edstico, oferece aos residentes do THE V um ref\u00fagio exclusivo onde a tranquilidade da natureza pode ser vivida plenamente.<\/p>\n\n\n\n<div class=\"wp-block-kobu-custom-blocks-responsive-spacer responsive-spacer size-xlarge\"><\/div>\n\n\n\n<div class=\"wp-block-kobu-custom-blocks-inner-content-img alignwide media-content-group child-item align-left valign-start img-last content-imgs-grid\"><div class=\"content-col\"><div class=\"content-col-wrapper\">\n<h2 class=\"wp-block-heading\">Um estilo de vida excepcional ao ar livre<\/h2>\n\n\n\n<p>Desenvolvido para promover o bem-estar e a qualidade de vida dos seus residentes, o THE Park oferece uma variedade de comodidades focadas na sa\u00fade e no equil\u00edbrio. Neste cen\u00e1rio de tranquilidade, \u00e9 poss\u00edvel desfrutar de um jogo de petanca ou passear pelos caminhos serpenteantes, rodeados por \u00e1rvores de fruto como limoeiros, laranjeiras, damasqueiros, pessegueiros, abacateiros e figueiras.<\/p>\n\n\n\n<p>Para momentos de maior introspe\u00e7\u00e3o, h\u00e1 recantos de serenidade perfeitos para relaxar, conectar-se com a natureza e abra\u00e7ar um estilo de vida mais calmo e equilibrado.<\/p>\n\n\n\n<div class=\"wp-block-kobu-custom-blocks-responsive-spacer responsive-spacer size-custom\" data-small=\"30\" data-medium=\"120\" data-large=\"150\" style=\"height:120px\"><\/div>\n\n\n\n<div class=\"wp-block-group is-layout-flow wp-block-group-is-layout-flow\"><noscript class=\"loading-lazy\">\n<figure class=\"wp-block-image size-full side-position-image\"><img loading=\"lazy\" decoding=\"async\" width=\"1090\" height=\"1262\" src=\"https:\/\/thev.pt\/files\/uploads\/2025\/07\/the-v-the-park-tree-detail.webp\" alt=\"\" class=\"wp-image-2553\" srcset=\"https:\/\/thev.pt\/files\/uploads\/2025\/07\/the-v-the-park-tree-detail.webp 1090w, https:\/\/thev.pt\/files\/uploads\/2025\/07\/the-v-the-park-tree-detail-259x300.webp 259w, https:\/\/thev.pt\/files\/uploads\/2025\/07\/the-v-the-park-tree-detail-884x1024.webp 884w, https:\/\/thev.pt\/files\/uploads\/2025\/07\/the-v-the-park-tree-detail-768x889.webp 768w\" sizes=\"auto, (max-width: 1090px) 100vw, 1090px\" \/><\/figure>\n<\/noscript>\n\n\n<div class=\"wp-block-kobu-custom-blocks-responsive-spacer responsive-spacer size-custom\" data-small=\"30\" data-medium=\"120\" data-large=\"150\" style=\"height:120px\"><\/div>\n\n\n<noscript class=\"loading-lazy\">\n<figure class=\"wp-block-image size-full wp-block-image-margin-left\"><img loading=\"lazy\" decoding=\"async\" width=\"872\" height=\"648\" src=\"https:\/\/thev.pt\/files\/uploads\/2024\/11\/the-park-05.webp\" alt=\"\" class=\"wp-image-378\" srcset=\"https:\/\/thev.pt\/files\/uploads\/2024\/11\/the-park-05.webp 872w, https:\/\/thev.pt\/files\/uploads\/2024\/11\/the-park-05-300x223.webp 300w, https:\/\/thev.pt\/files\/uploads\/2024\/11\/the-park-05-768x571.webp 768w\" sizes=\"auto, (max-width: 872px) 100vw, 872px\" \/><\/figure>\n<\/noscript>\n\n\n<div class=\"wp-block-kobu-custom-blocks-responsive-spacer responsive-spacer size-custom\" data-small=\"30\" data-medium=\"0\" data-large=\"0\" style=\"height:0px\"><\/div>\n<\/div>\n\n\n<noscript class=\"loading-lazy\">\n<figure class=\"wp-block-image size-full wp-block-image-margin-right-2\"><img loading=\"lazy\" decoding=\"async\" width=\"652\" height=\"588\" src=\"https:\/\/thev.pt\/files\/uploads\/2024\/11\/the-park-04.webp\" alt=\"\" class=\"wp-image-375\" srcset=\"https:\/\/thev.pt\/files\/uploads\/2024\/11\/the-park-04.webp 652w, https:\/\/thev.pt\/files\/uploads\/2024\/11\/the-park-04-300x271.webp 300w\" sizes=\"auto, (max-width: 652px) 100vw, 652px\" \/><\/figure>\n<\/noscript>\n\n\n<div class=\"wp-block-kobu-custom-blocks-responsive-spacer responsive-spacer size-custom\" data-small=\"30\" data-medium=\"120\" data-large=\"150\" style=\"height:120px\"><\/div>\n\n\n<noscript class=\"loading-lazy\">\n<figure class=\"wp-block-image size-full\"><img loading=\"lazy\" decoding=\"async\" width=\"872\" height=\"872\" src=\"https:\/\/thev.pt\/files\/uploads\/2025\/07\/the-v-the-park-limon-tree.webp\" alt=\"\" class=\"wp-image-2544\" srcset=\"https:\/\/thev.pt\/files\/uploads\/2025\/07\/the-v-the-park-limon-tree.webp 872w, https:\/\/thev.pt\/files\/uploads\/2025\/07\/the-v-the-park-limon-tree-300x300.webp 300w, https:\/\/thev.pt\/files\/uploads\/2025\/07\/the-v-the-park-limon-tree-150x150.webp 150w, https:\/\/thev.pt\/files\/uploads\/2025\/07\/the-v-the-park-limon-tree-768x768.webp 768w\" sizes=\"auto, (max-width: 872px) 100vw, 872px\" \/><\/figure>\n<\/noscript><\/div><\/div><div class=\"media-col\"><figure><img decoding=\"async\" class=\"wp-image-undefined\" src=\"\" alt=\"\" title=\"\" sizes=\"(min-width: 1201px) 35vw, (min-width: 601px) 50vw, 100vw\"\/><\/figure><\/div><\/div>\n\n\n\n<div class=\"wp-block-kobu-custom-blocks-responsive-spacer responsive-spacer size-xlarge\"><\/div>\n\n\n\n<div class=\"wp-block-kobu-custom-blocks-inner-content-img alignwide media-content-group child-item align-right valign-start img-last\"><div class=\"content-col\"><div class=\"content-col-wrapper\">\n<h2 class=\"wp-block-heading\">Respire a natureza excepcional no THE V<\/h2>\n\n\n\n<p>O THE Park \u00e9 um reflexo do compromisso com a sustentabilidade, primorosamente desenhado pelos nossos parceiros da Jardim Vista para prosperar em harmonia com o ambiente natural do Algarve.<\/p>\n\n\n\n<p>Atrav\u00e9s de uma sele\u00e7\u00e3o de esp\u00e9cies aut\u00f3ctones do Mediterr\u00e2neo, perfeitamente adaptadas ao clima da regi\u00e3o, o THE Park requer pouca manuten\u00e7\u00e3o, respeitando o ambiente e preservando o encanto aut\u00eantico da regi\u00e3o.<\/p>\n\n\n\n<p>Com o objetivo de enaltecer a beleza natural do Algarve, a escolha criteriosa destas plantas traduz um compromisso com uma filiosofia sustent\u00e1vel, reduzindo a pegada ecol\u00f3gica e promovendo a biodiversidade local.<\/p>\n<\/div><\/div><div class=\"media-col\"><figure><img loading=\"lazy\" decoding=\"async\" width=\"1200\" height=\"1320\" class=\"wp-image-3010\" src=\"https:\/\/thev.pt\/files\/uploads\/2025\/07\/the-v-and-the-park-map.webp\" alt=\"THE Park map.\" title=\"the-v-and-the-park-map\" sizes=\"auto, (min-width: 1201px) 35vw, (min-width: 601px) 50vw, 100vw\" srcset=\"https:\/\/thev.pt\/files\/uploads\/2025\/07\/the-v-and-the-park-map.webp 1200w, https:\/\/thev.pt\/files\/uploads\/2025\/07\/the-v-and-the-park-map-273x300.webp 273w, https:\/\/thev.pt\/files\/uploads\/2025\/07\/the-v-and-the-park-map-931x1024.webp 931w, https:\/\/thev.pt\/files\/uploads\/2025\/07\/the-v-and-the-park-map-768x845.webp 768w\" \/><\/figure><\/div><\/div>\n\n\n\n<div class=\"wp-block-kobu-custom-blocks-responsive-spacer responsive-spacer size-medium\"><\/div>\n\n\n\n<p class=\"alignwide has-text-align-wide\"><strong>Legenda<\/strong><\/p>\n\n\n\n<div class=\"wp-block-kobu-custom-blocks-responsive-spacer responsive-spacer size-small\"><\/div>\n\n\n\n<div class=\"wp-block-columns alignwide is-layout-flex wp-container-core-columns-is-layout-9d6595d7 wp-block-columns-is-layout-flex\">\n<div class=\"wp-block-column is-layout-flow wp-block-column-is-layout-flow\"><noscript class=\"loading-lazy\">\n<figure class=\"wp-block-image alignfull size-large\"><img loading=\"lazy\" decoding=\"async\" width=\"1024\" height=\"996\" src=\"https:\/\/thev.pt\/files\/uploads\/2025\/07\/the-v-the-park-garden-flowers-and-plants_1-2-1024x996.webp\" alt=\"\" class=\"wp-image-3103\" srcset=\"https:\/\/thev.pt\/files\/uploads\/2025\/07\/the-v-the-park-garden-flowers-and-plants_1-2-1024x996.webp 1024w, https:\/\/thev.pt\/files\/uploads\/2025\/07\/the-v-the-park-garden-flowers-and-plants_1-2-300x292.webp 300w, https:\/\/thev.pt\/files\/uploads\/2025\/07\/the-v-the-park-garden-flowers-and-plants_1-2-768x747.webp 768w, https:\/\/thev.pt\/files\/uploads\/2025\/07\/the-v-the-park-garden-flowers-and-plants_1-2.webp 1400w\" sizes=\"auto, (max-width: 1024px) 100vw, 1024px\" \/><\/figure>\n<\/noscript><\/div>\n\n\n\n<div class=\"wp-block-column is-layout-flow wp-block-column-is-layout-flow\"><noscript class=\"loading-lazy\">\n<figure class=\"wp-block-image alignfull size-large\"><img loading=\"lazy\" decoding=\"async\" width=\"1024\" height=\"996\" src=\"https:\/\/thev.pt\/files\/uploads\/2025\/07\/the-v-the-park-garden-flowers-and-plants_2-1-1024x996.webp\" alt=\"\" class=\"wp-image-3105\" srcset=\"https:\/\/thev.pt\/files\/uploads\/2025\/07\/the-v-the-park-garden-flowers-and-plants_2-1-1024x996.webp 1024w, https:\/\/thev.pt\/files\/uploads\/2025\/07\/the-v-the-park-garden-flowers-and-plants_2-1-300x292.webp 300w, https:\/\/thev.pt\/files\/uploads\/2025\/07\/the-v-the-park-garden-flowers-and-plants_2-1-768x747.webp 768w, https:\/\/thev.pt\/files\/uploads\/2025\/07\/the-v-the-park-garden-flowers-and-plants_2-1.webp 1400w\" sizes=\"auto, (max-width: 1024px) 100vw, 1024px\" \/><\/figure>\n<\/noscript><\/div>\n<\/div>\n\n\n\n<div class=\"wp-block-kobu-custom-blocks-responsive-spacer responsive-spacer size-xlarge\"><\/div>\n\n\n\n<div class=\"wp-block-kobu-custom-blocks-section-wrapper alignfull kobu-section apartments-slider-section is-layout-constrained wp-block-kobu-custom-blocks-section-wrapper-is-layout-constrained\">\n<h2 class=\"wp-block-heading\">Apartamentos Excepcionais.<\/h2>\n\n\n\t<div class=\"apartments-slider-block alignfull slider-gallery hidden multiple\">\n\t\t<div class=\"gallery\" role=\"list\" data-slide=\"0\" tabindex=\"0\">\n\t\t\t\t\t\t\t<div class=\"slide\" role=\"listitem\">\n\t\t\t\t\t<a href=\"https:\/\/thev.pt\/pt-pt\/apartamentos-the-v\/apartamentos-the-pool\/\">\n\t\t\t\t\t\t\t\t\t\t\t\t\t\t\t\t\t\t\t<div class=\"fixed-ratio-img\">\n\t\t\t\t\t\t\t\t<img loading=\"lazy\" decoding=\"async\" width=\"1536\" height=\"1536\" src=\"https:\/\/thev.pt\/files\/uploads\/2024\/11\/the-v-apartments-the-pool-20250723-104017-1536x1536.webp\" class=\"coverimg\" alt=\"\" sizes=\"auto, 100vw\" srcset=\"https:\/\/thev.pt\/files\/uploads\/2024\/11\/the-v-apartments-the-pool-20250723-104017-1536x1536.webp 1536w, https:\/\/thev.pt\/files\/uploads\/2024\/11\/the-v-apartments-the-pool-20250723-104017-300x300.webp 300w, https:\/\/thev.pt\/files\/uploads\/2024\/11\/the-v-apartments-the-pool-20250723-104017-1024x1024.webp 1024w, https:\/\/thev.pt\/files\/uploads\/2024\/11\/the-v-apartments-the-pool-20250723-104017-150x150.webp 150w, https:\/\/thev.pt\/files\/uploads\/2024\/11\/the-v-apartments-the-pool-20250723-104017-768x768.webp 768w, https:\/\/thev.pt\/files\/uploads\/2024\/11\/the-v-apartments-the-pool-20250723-104017.webp 1800w\" \/>\t\t\t\t\t\t\t<\/div>\n\t\t\t\t\t\t\t\t\t\t\t\t<h3>Apartamentos THE Pool<\/h3>\n\t\t\t\t\t<\/a>\n\t\t\t\t<\/div>\n\t\t\t\t\t\t\t<div class=\"slide\" role=\"listitem\">\n\t\t\t\t\t<a href=\"https:\/\/thev.pt\/pt-pt\/apartamentos-the-v\/apartamentos-the-park-view\/\">\n\t\t\t\t\t\t\t\t\t\t\t\t\t\t\t\t\t\t\t<div class=\"fixed-ratio-img\">\n\t\t\t\t\t\t\t\t<img loading=\"lazy\" decoding=\"async\" width=\"1536\" height=\"1536\" src=\"https:\/\/thev.pt\/files\/uploads\/2024\/12\/the-v-apartments-the-park-view-1-20250723-100629-1536x1536.webp\" class=\"coverimg\" alt=\"The balconies of THE V apartments, seen from the outside.\" sizes=\"auto, 100vw\" srcset=\"https:\/\/thev.pt\/files\/uploads\/2024\/12\/the-v-apartments-the-park-view-1-20250723-100629-1536x1536.webp 1536w, https:\/\/thev.pt\/files\/uploads\/2024\/12\/the-v-apartments-the-park-view-1-20250723-100629-300x300.webp 300w, https:\/\/thev.pt\/files\/uploads\/2024\/12\/the-v-apartments-the-park-view-1-20250723-100629-1024x1024.webp 1024w, https:\/\/thev.pt\/files\/uploads\/2024\/12\/the-v-apartments-the-park-view-1-20250723-100629-150x150.webp 150w, https:\/\/thev.pt\/files\/uploads\/2024\/12\/the-v-apartments-the-park-view-1-20250723-100629-768x768.webp 768w, https:\/\/thev.pt\/files\/uploads\/2024\/12\/the-v-apartments-the-park-view-1-20250723-100629.webp 1800w\" \/>\t\t\t\t\t\t\t<\/div>\n\t\t\t\t\t\t\t\t\t\t\t\t<h3>Apartamentos THE Park View<\/h3>\n\t\t\t\t\t<\/a>\n\t\t\t\t<\/div>\n\t\t\t\t\t\t\t<div class=\"slide\" role=\"listitem\">\n\t\t\t\t\t<a href=\"https:\/\/thev.pt\/pt-pt\/apartamentos-the-v\/apartamentos-the-penthouse\/\">\n\t\t\t\t\t\t\t\t\t\t\t\t\t\t\t\t\t\t\t<div class=\"fixed-ratio-img\">\n\t\t\t\t\t\t\t\t<img loading=\"lazy\" decoding=\"async\" width=\"1536\" height=\"1536\" src=\"https:\/\/thev.pt\/files\/uploads\/2024\/12\/the-v-apartments-the-penthouses-3-1536x1536.webp\" class=\"coverimg\" alt=\"\" sizes=\"auto, 100vw\" srcset=\"https:\/\/thev.pt\/files\/uploads\/2024\/12\/the-v-apartments-the-penthouses-3-1536x1536.webp 1536w, https:\/\/thev.pt\/files\/uploads\/2024\/12\/the-v-apartments-the-penthouses-3-300x300.webp 300w, https:\/\/thev.pt\/files\/uploads\/2024\/12\/the-v-apartments-the-penthouses-3-1024x1024.webp 1024w, https:\/\/thev.pt\/files\/uploads\/2024\/12\/the-v-apartments-the-penthouses-3-150x150.webp 150w, https:\/\/thev.pt\/files\/uploads\/2024\/12\/the-v-apartments-the-penthouses-3-768x768.webp 768w, https:\/\/thev.pt\/files\/uploads\/2024\/12\/the-v-apartments-the-penthouses-3.webp 1800w\" \/>\t\t\t\t\t\t\t<\/div>\n\t\t\t\t\t\t\t\t\t\t\t\t<h3>Apartamentos THE Penthouse<\/h3>\n\t\t\t\t\t<\/a>\n\t\t\t\t<\/div>\n\t\t\t\t\t<\/div>\n\t<\/div>\n\n\n\n<div class=\"wp-block-buttons alignwide is-content-justification-center is-layout-flex wp-container-core-buttons-is-layout-16018d1d wp-block-buttons-is-layout-flex\">\n<div class=\"wp-block-button read-more\"><a class=\"wp-block-button__link wp-element-button\" href=\"https:\/\/thev.pt\/pt-pt\/apartamentos-the-v\/\">Saber mais sobre os apartamentos<\/a><\/div>\n<\/div>\n\n\n\n<div class=\"wp-block-kobu-custom-blocks-responsive-spacer responsive-spacer size-xlarge\"><\/div>\n<\/div>\n\n\n\n<div class=\"wp-block-kobu-custom-blocks-section-wrapper alignfull kobu-section our-partners is-layout-constrained wp-block-kobu-custom-blocks-section-wrapper-is-layout-constrained\">\n<h2 class=\"wp-block-heading alignfull has-medium-font-size\" id=\"our-partners-3\">Os Nossos Parceiros<\/h2>\n\n\n\t<div class=\"partners-logos-slider-block alignfull slider-gallery hidden multiple\">\n\t\t<div class=\"gallery\" role=\"list\" data-slide=\"0\" tabindex=\"0\">\n\t\t\t\t\t\t\t<div class=\"slide\" role=\"listitem\">\n\t\t\t\t\t\t\t\t\t\t\t<div class=\"featured-img\">\n\t\t\t\t\t\t\t<img loading=\"lazy\" decoding=\"async\" width=\"374\" height=\"136\" src=\"https:\/\/thev.pt\/files\/uploads\/2025\/07\/the-v-partner-david-sinclair-arquitectos-associados-1.webp\" class=\"\" alt=\"David Sinclair Arquitectos Associados\" sizes=\"auto, 100vw\" srcset=\"https:\/\/thev.pt\/files\/uploads\/2025\/07\/the-v-partner-david-sinclair-arquitectos-associados-1.webp 374w, https:\/\/thev.pt\/files\/uploads\/2025\/07\/the-v-partner-david-sinclair-arquitectos-associados-1-300x109.webp 300w\" \/>\t\t\t\t\t\t<\/div>\n\t\t\t\t\t\t\t\t\t<\/div>\n\t\t\t\t\t\t\t<div class=\"slide\" role=\"listitem\">\n\t\t\t\t\t\t\t\t\t\t\t<div class=\"featured-img\">\n\t\t\t\t\t\t\t<img loading=\"lazy\" decoding=\"async\" width=\"260\" height=\"120\" src=\"https:\/\/thev.pt\/files\/uploads\/2025\/07\/the-v-partner-marques-antunes-1.webp\" class=\"\" alt=\"MAE logo\" sizes=\"auto, 100vw\" \/>\t\t\t\t\t\t<\/div>\n\t\t\t\t\t\t\t\t\t<\/div>\n\t\t\t\t\t\t\t<div class=\"slide\" role=\"listitem\">\n\t\t\t\t\t\t\t\t\t\t\t<div class=\"featured-img\">\n\t\t\t\t\t\t\t<img loading=\"lazy\" decoding=\"async\" width=\"78\" height=\"23\" src=\"https:\/\/thev.pt\/files\/uploads\/2025\/07\/the-v-partners-projectline.svg\" class=\"\" alt=\"Projectline logo\" sizes=\"auto, 100vw\" \/>\t\t\t\t\t\t<\/div>\n\t\t\t\t\t\t\t\t\t<\/div>\n\t\t\t\t\t\t\t<div class=\"slide\" role=\"listitem\">\n\t\t\t\t\t\t\t\t\t\t\t<div class=\"featured-img\">\n\t\t\t\t\t\t\t<img loading=\"lazy\" decoding=\"async\" width=\"264\" height=\"120\" src=\"https:\/\/thev.pt\/files\/uploads\/2025\/07\/the-v-partner-edwin-loxley-1.webp\" class=\"\" alt=\"Edwin Loxley logo\" sizes=\"auto, 100vw\" \/>\t\t\t\t\t\t<\/div>\n\t\t\t\t\t\t\t\t\t<\/div>\n\t\t\t\t\t\t\t<div class=\"slide\" role=\"listitem\">\n\t\t\t\t\t\t\t\t\t\t\t<div class=\"featured-img\">\n\t\t\t\t\t\t\t<img loading=\"lazy\" decoding=\"async\" width=\"184\" height=\"120\" src=\"https:\/\/thev.pt\/files\/uploads\/2025\/07\/the-v-partner-jardim-vista-1.webp\" class=\"\" alt=\"Jardim Vista logo\" sizes=\"auto, 100vw\" \/>\t\t\t\t\t\t<\/div>\n\t\t\t\t\t\t\t\t\t<\/div>\n\t\t\t\t\t\t\t<div class=\"slide\" role=\"listitem\">\n\t\t\t\t\t\t\t\t\t\t\t<div class=\"featured-img\">\n\t\t\t\t\t\t\t<img loading=\"lazy\" decoding=\"async\" width=\"120\" height=\"120\" src=\"https:\/\/thev.pt\/files\/uploads\/2025\/07\/the-v-partner-pure-allure-interior-1.webp\" class=\"\" alt=\"Pure Allure Interior logo\" sizes=\"auto, 100vw\" \/>\t\t\t\t\t\t<\/div>\n\t\t\t\t\t\t\t\t\t<\/div>\n\t\t\t\t\t\t\t<div class=\"slide\" role=\"listitem\">\n\t\t\t\t\t\t\t\t\t\t\t<div class=\"featured-img\">\n\t\t\t\t\t\t\t<img loading=\"lazy\" decoding=\"async\" width=\"330\" height=\"120\" src=\"https:\/\/thev.pt\/files\/uploads\/2025\/07\/the-v-partner-kobu-agency-1.webp\" class=\"\" alt=\"KOBU Agency logo\" sizes=\"auto, 100vw\" srcset=\"https:\/\/thev.pt\/files\/uploads\/2025\/07\/the-v-partner-kobu-agency-1.webp 330w, https:\/\/thev.pt\/files\/uploads\/2025\/07\/the-v-partner-kobu-agency-1-300x109.webp 300w\" \/>\t\t\t\t\t\t<\/div>\n\t\t\t\t\t\t\t\t\t<\/div>\n\t\t\t\t\t\t\t<div class=\"slide\" role=\"listitem\">\n\t\t\t\t\t\t\t\t\t\t\t<div class=\"featured-img\">\n\t\t\t\t\t\t\t<img loading=\"lazy\" decoding=\"async\" width=\"520\" height=\"240\" src=\"https:\/\/thev.pt\/files\/uploads\/2024\/12\/logo-golden-triangle-properties-2.webp\" class=\"\" alt=\"Golden Triangle Properties logo\" sizes=\"auto, 100vw\" srcset=\"https:\/\/thev.pt\/files\/uploads\/2024\/12\/logo-golden-triangle-properties-2.webp 520w, https:\/\/thev.pt\/files\/uploads\/2024\/12\/logo-golden-triangle-properties-2-300x138.webp 300w\" \/>\t\t\t\t\t\t<\/div>\n\t\t\t\t\t\t\t\t\t<\/div>\n\t\t\t\t\t<\/div>\n\t<\/div>\n<\/div>\n\n\n\n<p><\/p>\n","protected":false},"excerpt":{"rendered":"<p>Deixe-se envolver pela serenidade da natureza no THE Park Perfeitamente concebido pela Jardim Vista, o THE Park \u00e9 um parque tranquilo de pinhal com vegeta\u00e7\u00e3o [&hellip;]<\/p>\n","protected":false},"author":3,"featured_media":2540,"parent":69,"menu_order":0,"comment_status":"closed","ping_status":"closed","template":"","meta":{"_acf_changed":false,"inline_featured_image":false,"footnotes":""},"class_list":["post-1498","page","type-page","status-publish","has-post-thumbnail","hentry"],"acf":[],"_links":{"self":[{"href":"https:\/\/thev.pt\/pt-pt\/wp-json\/wp\/v2\/pages\/1498","targetHints":{"allow":["GET"]}}],"collection":[{"href":"https:\/\/thev.pt\/pt-pt\/wp-json\/wp\/v2\/pages"}],"about":[{"href":"https:\/\/thev.pt\/pt-pt\/wp-json\/wp\/v2\/types\/page"}],"author":[{"embeddable":true,"href":"https:\/\/thev.pt\/pt-pt\/wp-json\/wp\/v2\/users\/3"}],"replies":[{"embeddable":true,"href":"https:\/\/thev.pt\/pt-pt\/wp-json\/wp\/v2\/comments?post=1498"}],"version-history":[{"count":5,"href":"https:\/\/thev.pt\/pt-pt\/wp-json\/wp\/v2\/pages\/1498\/revisions"}],"predecessor-version":[{"id":3746,"href":"https:\/\/thev.pt\/pt-pt\/wp-json\/wp\/v2\/pages\/1498\/revisions\/3746"}],"up":[{"embeddable":true,"href":"https:\/\/thev.pt\/pt-pt\/wp-json\/wp\/v2\/pages\/69"}],"wp:featuredmedia":[{"embeddable":true,"href":"https:\/\/thev.pt\/pt-pt\/wp-json\/wp\/v2\/media\/2540"}],"wp:attachment":[{"href":"https:\/\/thev.pt\/pt-pt\/wp-json\/wp\/v2\/media?parent=1498"}],"curies":[{"name":"wp","href":"https:\/\/api.w.org\/{rel}","templated":true}]}}