{"id":1494,"date":"2024-11-04T17:59:35","date_gmt":"2024-11-04T17:59:35","guid":{"rendered":"https:\/\/thev.pt\/apartamentos\/buyers-guide\/"},"modified":"2025-09-05T16:56:59","modified_gmt":"2025-09-05T16:56:59","slug":"buyers-guide-apartamentos-thev","status":"publish","type":"page","link":"https:\/\/thev.pt\/pt-pt\/buyers-guide-apartamentos-thev\/","title":{"rendered":"Buyer&#8217;s Guide dos Apartamentos THE V"},"content":{"rendered":"\n<div class=\"wp-block-kobu-custom-blocks-responsive-spacer responsive-spacer size-medium\"><\/div>\n\n\n\n<div class=\"wp-block-group alignwide intro-p-left is-layout-flow wp-block-group-is-layout-flow\">\n<p>Descubra o nosso Buyer&#8217;s Guide.<\/p>\n<\/div>\n\n\n\n<div class=\"wp-block-kobu-custom-blocks-responsive-spacer responsive-spacer size-xlarge\"><\/div>\n\n\n\n<div class=\"wp-block-kobu-custom-blocks-inner-content-img alignfull media-content-group child-item align-left valign-start img-last\"><div class=\"content-col\"><div class=\"content-col-wrapper\">\n<h2 class=\"wp-block-heading has-huge-font-size\">O seu guia para uma escolha excepcional<\/h2>\n\n\n\n<p>Encontre tudo o que precisa de saber para garantir a sua casa de sonho no THE V.<\/p>\n\n\n\n<ul class=\"wp-block-list\">\n<li>O processo de compra &#8211; um guia claro e passo-a-passo para adquirir a sua resid\u00eancia, assegurando um processo transparente e sem complica\u00e7\u00f5es;<\/li>\n\n\n\n<li>Conhe\u00e7a o THE V &#8211; explore a vis\u00e3o por detr\u00e1s do empreendimento, desde o prestigiado promotor \u00e0 excel\u00eancia arquitet\u00f3nica, incluindo marcos e prazos essenciais;<\/li>\n\n\n\n<li>Informa\u00e7\u00f5es legais e financeiras &#8211; detalhes essenciais sobre contratos, impostos e op\u00e7\u00f5es de financiamento, para apoiar o seu investimento com total confian\u00e7a;<\/li>\n\n\n\n<li>Servi\u00e7os e comodidades excepcionais &#8211; desde servi\u00e7os de concierge e estacionamento privado at\u00e9 \u00e0s instala\u00e7\u00f5es exclusivas para residentes, o THE V foi concebido para oferecer uma experi\u00eancia de vida verdadeiramente excepcional aos seus novos propriet\u00e1rios.<\/li>\n<\/ul>\n<\/div><\/div><div class=\"media-col\"><figure><img loading=\"lazy\" decoding=\"async\" width=\"2400\" height=\"1882\" class=\"wp-image-2862\" src=\"https:\/\/thev.pt\/files\/uploads\/2025\/07\/the-v-apartments-1.webp\" alt=\"THE V apartments' fa\u00e7ade, seen from an angle that highlights its outdoors, featuring swimming pools, palm trees, lounge areas and the blue sky.\" title=\"the-v-apartments\" sizes=\"auto, (min-width: 601px) 50vw, 100vw\" srcset=\"https:\/\/thev.pt\/files\/uploads\/2025\/07\/the-v-apartments-1.webp 2400w, https:\/\/thev.pt\/files\/uploads\/2025\/07\/the-v-apartments-1-300x235.webp 300w, https:\/\/thev.pt\/files\/uploads\/2025\/07\/the-v-apartments-1-1024x803.webp 1024w, https:\/\/thev.pt\/files\/uploads\/2025\/07\/the-v-apartments-1-768x602.webp 768w, https:\/\/thev.pt\/files\/uploads\/2025\/07\/the-v-apartments-1-1536x1204.webp 1536w, https:\/\/thev.pt\/files\/uploads\/2025\/07\/the-v-apartments-1-2048x1606.webp 2048w\" \/><\/figure><\/div><\/div>\n\n\n\n<div class=\"wp-block-kobu-custom-blocks-responsive-spacer responsive-spacer size-large\"><\/div>\n\n\n\n<div class=\"wp-block-kobu-custom-blocks-responsive-spacer responsive-spacer size-small\"><\/div>\n\n\n\n<h3 class=\"wp-block-heading has-large-font-size\">O seu guia personalizado para um servi\u00e7o excepcional no THE V<\/h3>\n\n\n\n<div class=\"wp-block-kobu-custom-blocks-responsive-spacer responsive-spacer size-small\"><\/div>\n\n\n\n<p>Ap\u00f3s o seu contacto, o nosso Gestor de Vendas entrar\u00e1 em contacto para garantir que possui todas as informa\u00e7\u00f5es necess\u00e1rias para tomar uma decis\u00e3o informada. Com o nosso compromisso de servi\u00e7o excepcional, receber\u00e1 informa\u00e7\u00f5es exclusivas, incluindo:<\/p>\n\n\n\n<ul class=\"wp-block-list\">\n<li>Detalhes exclusivos dos apartamentos: conhe\u00e7a em profundidade cada resid\u00eancia, desde acabamentos personalizados a vistas deslumbrantes;<\/li>\n\n\n\n<li>Comodidades premium no THE V: descubra os servi\u00e7os e instala\u00e7\u00f5es excepcionais concebidas para elevar o seu estilo de vida;<\/li>\n\n\n\n<li>Condi\u00e7\u00f5es e prazos de pagamento: op\u00e7\u00f5es transparentes e flex\u00edveis, adaptadas \u00e0s suas necessidades de investimento;<\/li>\n\n\n\n<li>Informa\u00e7\u00f5es sobre condom\u00ednio e servi\u00e7os de gest\u00e3o: tudo o que precisa para manter a sua resid\u00eancia com conforto e conveni\u00eancia;<\/li>\n\n\n\n<li>Pacotes de design de interiores: solu\u00e7\u00f5es de design personalizadas dispon\u00edveis mediante solicita\u00e7\u00e3o;<\/li>\n\n\n\n<li>Processo de compra e apoio jur\u00eddico: acompanhamento passo-a-passo para uma aquisi\u00e7\u00e3o tranquila e segura;<\/li>\n\n\n\n<li>Apoio p\u00f3s-venda e gest\u00e3o imobili\u00e1ria: assist\u00eancia dedicada para preservar o valor e a excel\u00eancia da sua resid\u00eancia.<\/li>\n<\/ul>\n\n\n\n<div class=\"wp-block-kobu-custom-blocks-responsive-spacer responsive-spacer size-small\"><\/div>\n\n\n\n<p>Experiencie um n\u00edvel de servi\u00e7o que reflete a sofistica\u00e7\u00e3o do THE V, onde a aten\u00e7\u00e3o ao m\u00ednimo detalhe \u00e9 pensada para superar as suas mais elevadas expectativas.<\/p>\n\n\n\n<div class=\"wp-block-kobu-custom-blocks-responsive-spacer responsive-spacer size-xlarge\"><\/div>\n\n\n<noscript class=\"loading-lazy\">\n<figure class=\"wp-block-image alignfull size-large\"><img loading=\"lazy\" decoding=\"async\" width=\"1024\" height=\"489\" src=\"https:\/\/thev.pt\/files\/uploads\/2025\/07\/the-v-buyers-guide-building-front-1024x489.webp\" alt=\"\" class=\"wp-image-2486\" srcset=\"https:\/\/thev.pt\/files\/uploads\/2025\/07\/the-v-buyers-guide-building-front-1024x489.webp 1024w, https:\/\/thev.pt\/files\/uploads\/2025\/07\/the-v-buyers-guide-building-front-300x143.webp 300w, https:\/\/thev.pt\/files\/uploads\/2025\/07\/the-v-buyers-guide-building-front-768x367.webp 768w, https:\/\/thev.pt\/files\/uploads\/2025\/07\/the-v-buyers-guide-building-front-1536x734.webp 1536w, https:\/\/thev.pt\/files\/uploads\/2025\/07\/the-v-buyers-guide-building-front-2048x979.webp 2048w\" sizes=\"auto, (max-width: 1024px) 100vw, 1024px\" \/><\/figure>\n<\/noscript>\n\n\n<div class=\"wp-block-kobu-custom-blocks-responsive-spacer responsive-spacer size-medium\"><\/div>\n\n\n\n<div class=\"wp-block-kobu-custom-blocks-inner-content-img alignfull media-content-group child-item align-right valign-center img-last align-right-cta\"><div class=\"content-col\"><div class=\"content-col-wrapper\">\n<h2 class=\"wp-block-heading has-huge-font-size\">Contacte-nos para uma experi\u00eancia THE V \u00e0 sua medida<\/h2>\n\n\n\n<p>Desde o primeiro contacto at\u00e9 ao momento em que se instala na sua nova resid\u00eancia, a nossa equipa dedica-se a proporcionar-lhe uma experi\u00eancia personalizada, tranquila e sem complica\u00e7\u00f5es.<\/p>\n\n\n\n<p>Desfrute de um servi\u00e7o excepcional, acompanhamento especializado e uma aten\u00e7\u00e3o rigorosa a cada detalhe. Porque, no THE V, acreditamos que o caminho at\u00e9 \u00e0 sua nova resid\u00eancia deve ser t\u00e3o harmonioso e inspirador quanto o pr\u00f3prio lugar que ir\u00e1, em breve, chamar de sua casa.<\/p>\n\n\n\n<div class=\"wp-block-buttons is-layout-flex wp-block-buttons-is-layout-flex\">\n<div class=\"wp-block-button is-style-outline is-style-outline--1\"><a class=\"wp-block-button__link wp-element-button\" href=\"https:\/\/thev.pt\/pt-pt\/contactos\/\">Registar Interesse<\/a><\/div>\n<\/div>\n<\/div><\/div><div class=\"media-col\"><figure><img loading=\"lazy\" decoding=\"async\" width=\"1150\" height=\"1536\" class=\"wp-image-2899\" src=\"https:\/\/thev.pt\/files\/uploads\/2025\/07\/the-v-apartments-buyers-guide-vr2.webp\" alt=\"\" title=\"the-v-apartments-buyers-guide-vr2\" sizes=\"auto, (min-width: 601px) 50vw, 100vw\" srcset=\"https:\/\/thev.pt\/files\/uploads\/2025\/07\/the-v-apartments-buyers-guide-vr2.webp 1150w, https:\/\/thev.pt\/files\/uploads\/2025\/07\/the-v-apartments-buyers-guide-vr2-225x300.webp 225w, https:\/\/thev.pt\/files\/uploads\/2025\/07\/the-v-apartments-buyers-guide-vr2-767x1024.webp 767w, https:\/\/thev.pt\/files\/uploads\/2025\/07\/the-v-apartments-buyers-guide-vr2-768x1026.webp 768w\" \/><\/figure><\/div><\/div>\n\n\n\n<div class=\"wp-block-kobu-custom-blocks-responsive-spacer responsive-spacer size-large\"><\/div>\n","protected":false},"excerpt":{"rendered":"<p>Descubra o nosso Buyer&#8217;s Guide. O seu guia personalizado para um servi\u00e7o excepcional no THE V Ap\u00f3s o seu contacto, o nosso Gestor de Vendas [&hellip;]<\/p>\n","protected":false},"author":3,"featured_media":0,"parent":0,"menu_order":0,"comment_status":"closed","ping_status":"closed","template":"","meta":{"_acf_changed":false,"inline_featured_image":false,"footnotes":""},"class_list":["post-1494","page","type-page","status-publish","hentry"],"acf":[],"_links":{"self":[{"href":"https:\/\/thev.pt\/pt-pt\/wp-json\/wp\/v2\/pages\/1494","targetHints":{"allow":["GET"]}}],"collection":[{"href":"https:\/\/thev.pt\/pt-pt\/wp-json\/wp\/v2\/pages"}],"about":[{"href":"https:\/\/thev.pt\/pt-pt\/wp-json\/wp\/v2\/types\/page"}],"author":[{"embeddable":true,"href":"https:\/\/thev.pt\/pt-pt\/wp-json\/wp\/v2\/users\/3"}],"replies":[{"embeddable":true,"href":"https:\/\/thev.pt\/pt-pt\/wp-json\/wp\/v2\/comments?post=1494"}],"version-history":[{"count":5,"href":"https:\/\/thev.pt\/pt-pt\/wp-json\/wp\/v2\/pages\/1494\/revisions"}],"predecessor-version":[{"id":3743,"href":"https:\/\/thev.pt\/pt-pt\/wp-json\/wp\/v2\/pages\/1494\/revisions\/3743"}],"wp:attachment":[{"href":"https:\/\/thev.pt\/pt-pt\/wp-json\/wp\/v2\/media?parent=1494"}],"curies":[{"name":"wp","href":"https:\/\/api.w.org\/{rel}","templated":true}]}}