{"id":1004,"date":"2024-11-04T17:40:27","date_gmt":"2024-11-04T17:40:27","guid":{"rendered":"https:\/\/thev.pt\/wheeler-brand-pt\/"},"modified":"2025-09-05T16:54:14","modified_gmt":"2025-09-05T16:54:14","slug":"wheeler-and-brand","status":"publish","type":"page","link":"https:\/\/thev.pt\/pt-pt\/wheeler-and-brand\/","title":{"rendered":"Wheeler&#038;Brand: Guiada pela Excel\u00eancia"},"content":{"rendered":"\n<div class=\"wp-block-kobu-custom-blocks-responsive-spacer responsive-spacer size-medium\"><\/div>\n\n\n\n<p class=\"alignwide has-text-align-wide intro-p has-medium-large-font-size\">Uma empresa familiar de refer\u00eancia, estabelecida no Tri\u00e2ngulo Dourado do Algarve. Reconhecida pelo desenvolvimento de resid\u00eancias elegantes e sofisticadas, a Wheeler&amp;Brand distingue-se pelo compromisso com a discri\u00e7\u00e3o, a transpar\u00eancia e a mestria. Cada projeto nasce de uma paix\u00e3o profunda pelo design intemporal e pela qualidade excepcional.<\/p>\n\n\n\n<div class=\"wp-block-kobu-custom-blocks-responsive-spacer responsive-spacer size-xlarge\"><\/div>\n\n\n<noscript class=\"loading-lazy\">\n<figure class=\"wp-block-image alignwide size-full\"><img loading=\"lazy\" decoding=\"async\" width=\"2176\" height=\"1392\" src=\"https:\/\/thev.pt\/files\/uploads\/2025\/07\/the-v-wheeler-brand.webp\" alt=\"\" class=\"wp-image-3005\" srcset=\"https:\/\/thev.pt\/files\/uploads\/2025\/07\/the-v-wheeler-brand.webp 2176w, https:\/\/thev.pt\/files\/uploads\/2025\/07\/the-v-wheeler-brand-300x192.webp 300w, https:\/\/thev.pt\/files\/uploads\/2025\/07\/the-v-wheeler-brand-1024x655.webp 1024w, https:\/\/thev.pt\/files\/uploads\/2025\/07\/the-v-wheeler-brand-768x491.webp 768w, https:\/\/thev.pt\/files\/uploads\/2025\/07\/the-v-wheeler-brand-1536x983.webp 1536w, https:\/\/thev.pt\/files\/uploads\/2025\/07\/the-v-wheeler-brand-2048x1310.webp 2048w\" sizes=\"auto, (max-width: 2176px) 100vw, 2176px\" \/><\/figure>\n<\/noscript>\n\n\n<div class=\"wp-block-kobu-custom-blocks-responsive-spacer responsive-spacer size-xlarge\"><\/div>\n\n\n\n<div class=\"wp-block-kobu-custom-blocks-inner-content-img alignwide media-content-group child-item align-right valign-start img-last\"><div class=\"content-col\"><div class=\"content-col-wrapper\">\n<h2 class=\"wp-block-heading has-huge-font-size\">THE Projects<\/h2>\n\n\n\n<p>Criamos resid\u00eancias e espa\u00e7os verdadeiramente excepcionais no cora\u00e7\u00e3o do Tri\u00e2ngulo Dourado. Cada projeto \u00e9 pensado ao detalhe, conjugando a eleg\u00e2ncia intemporal com o conforto contempor\u00e2neo, num equil\u00edbrio cuidado entre exclusividade, discri\u00e7\u00e3o e um estilo de vida incompar\u00e1vel.<\/p>\n\n\n\n<p>Desde os interiores feitos \u00e0 medida, \u00e0 sele\u00e7\u00e3o rigorosa de materiais, cada detalhe reflete o nosso compromisso com a excel\u00eancia, o saber-fazer e a aten\u00e7\u00e3o ao pormenor.<\/p>\n<\/div><\/div><div class=\"media-col\"><figure><img loading=\"lazy\" decoding=\"async\" width=\"1090\" height=\"906\" class=\"wp-image-2385\" src=\"https:\/\/thev.pt\/files\/uploads\/2025\/07\/the-v-about-the-future-building.webp\" alt=\"\" title=\"the-v-about-the-future-building\" sizes=\"auto, (min-width: 1201px) 35vw, (min-width: 601px) 50vw, 100vw\" srcset=\"https:\/\/thev.pt\/files\/uploads\/2025\/07\/the-v-about-the-future-building.webp 1090w, https:\/\/thev.pt\/files\/uploads\/2025\/07\/the-v-about-the-future-building-300x249.webp 300w, https:\/\/thev.pt\/files\/uploads\/2025\/07\/the-v-about-the-future-building-1024x851.webp 1024w, https:\/\/thev.pt\/files\/uploads\/2025\/07\/the-v-about-the-future-building-768x638.webp 768w\" \/><figcaption>THE V.<\/figcaption><\/figure><\/div><\/div>\n\n\n\n<div class=\"wp-block-kobu-custom-blocks-responsive-spacer responsive-spacer size-custom\" data-small=\"30\" data-medium=\"160\" data-large=\"180\" style=\"height:160px\"><\/div>\n\n\n\n<div class=\"wp-block-kobu-custom-blocks-section-wrapper alignwide kobu-section grid-imgs-5_8-9_13 is-layout-constrained wp-block-kobu-custom-blocks-section-wrapper-is-layout-constrained\"><noscript class=\"loading-lazy\">\n<figure class=\"wp-block-image size-full\"><img loading=\"lazy\" decoding=\"async\" width=\"2000\" height=\"1400\" src=\"https:\/\/thev.pt\/files\/uploads\/2025\/07\/the-v-about-the-future-no-25.webp\" alt=\"\" class=\"wp-image-2980\" srcset=\"https:\/\/thev.pt\/files\/uploads\/2025\/07\/the-v-about-the-future-no-25.webp 2000w, https:\/\/thev.pt\/files\/uploads\/2025\/07\/the-v-about-the-future-no-25-300x210.webp 300w, https:\/\/thev.pt\/files\/uploads\/2025\/07\/the-v-about-the-future-no-25-1024x717.webp 1024w, https:\/\/thev.pt\/files\/uploads\/2025\/07\/the-v-about-the-future-no-25-768x538.webp 768w, https:\/\/thev.pt\/files\/uploads\/2025\/07\/the-v-about-the-future-no-25-1536x1075.webp 1536w\" sizes=\"auto, (max-width: 2000px) 100vw, 2000px\" \/><figcaption class=\"wp-element-caption\">NO 25.<\/figcaption><\/figure>\n<\/noscript>\n\n<noscript class=\"loading-lazy\">\n<figure class=\"wp-block-image size-full\"><img loading=\"lazy\" decoding=\"async\" width=\"2000\" height=\"1400\" src=\"https:\/\/thev.pt\/files\/uploads\/2025\/07\/the-v-about-the-future-the-villa-b.webp\" alt=\"\" class=\"wp-image-2983\" srcset=\"https:\/\/thev.pt\/files\/uploads\/2025\/07\/the-v-about-the-future-the-villa-b.webp 2000w, https:\/\/thev.pt\/files\/uploads\/2025\/07\/the-v-about-the-future-the-villa-b-300x210.webp 300w, https:\/\/thev.pt\/files\/uploads\/2025\/07\/the-v-about-the-future-the-villa-b-1024x717.webp 1024w, https:\/\/thev.pt\/files\/uploads\/2025\/07\/the-v-about-the-future-the-villa-b-768x538.webp 768w, https:\/\/thev.pt\/files\/uploads\/2025\/07\/the-v-about-the-future-the-villa-b-1536x1075.webp 1536w\" sizes=\"auto, (max-width: 2000px) 100vw, 2000px\" \/><figcaption class=\"wp-element-caption\">Villa B.<\/figcaption><\/figure>\n<\/noscript><\/div>\n\n\n\n<div class=\"wp-block-kobu-custom-blocks-responsive-spacer responsive-spacer size-custom\" data-small=\"30\" data-medium=\"120\" data-large=\"150\" style=\"height:120px\"><\/div>\n\n\n\n<div class=\"wp-block-kobu-custom-blocks-section-wrapper alignwide kobu-section grid-imgs-3_7-8_11 is-layout-constrained wp-block-kobu-custom-blocks-section-wrapper-is-layout-constrained\"><noscript class=\"loading-lazy\">\n<figure class=\"wp-block-image size-full\"><img loading=\"lazy\" decoding=\"async\" width=\"2000\" height=\"1400\" src=\"https:\/\/thev.pt\/files\/uploads\/2025\/07\/the-v-about-the-future-vdg-villas.webp\" alt=\"\" class=\"wp-image-2987\" srcset=\"https:\/\/thev.pt\/files\/uploads\/2025\/07\/the-v-about-the-future-vdg-villas.webp 2000w, https:\/\/thev.pt\/files\/uploads\/2025\/07\/the-v-about-the-future-vdg-villas-300x210.webp 300w, https:\/\/thev.pt\/files\/uploads\/2025\/07\/the-v-about-the-future-vdg-villas-1024x717.webp 1024w, https:\/\/thev.pt\/files\/uploads\/2025\/07\/the-v-about-the-future-vdg-villas-768x538.webp 768w, https:\/\/thev.pt\/files\/uploads\/2025\/07\/the-v-about-the-future-vdg-villas-1536x1075.webp 1536w\" sizes=\"auto, (max-width: 2000px) 100vw, 2000px\" \/><figcaption class=\"wp-element-caption\">VDG Villas.<\/figcaption><\/figure>\n<\/noscript>\n\n<noscript class=\"loading-lazy\">\n<figure class=\"wp-block-image size-full\"><img loading=\"lazy\" decoding=\"async\" width=\"2000\" height=\"1400\" src=\"https:\/\/thev.pt\/files\/uploads\/2025\/07\/the-v-about-the-future-the-fonte-residences.webp\" alt=\"\" class=\"wp-image-2993\" srcset=\"https:\/\/thev.pt\/files\/uploads\/2025\/07\/the-v-about-the-future-the-fonte-residences.webp 2000w, https:\/\/thev.pt\/files\/uploads\/2025\/07\/the-v-about-the-future-the-fonte-residences-300x210.webp 300w, https:\/\/thev.pt\/files\/uploads\/2025\/07\/the-v-about-the-future-the-fonte-residences-1024x717.webp 1024w, https:\/\/thev.pt\/files\/uploads\/2025\/07\/the-v-about-the-future-the-fonte-residences-768x538.webp 768w, https:\/\/thev.pt\/files\/uploads\/2025\/07\/the-v-about-the-future-the-fonte-residences-1536x1075.webp 1536w\" sizes=\"auto, (max-width: 2000px) 100vw, 2000px\" \/><figcaption class=\"wp-element-caption\">THE Fonte Residences.<\/figcaption><\/figure>\n<\/noscript><\/div>\n\n\n\n<div class=\"wp-block-kobu-custom-blocks-responsive-spacer responsive-spacer size-xlarge\"><\/div>\n\n\n\n<div class=\"wp-block-kobu-custom-blocks-inner-content-img alignwide media-content-group child-item align-right valign-start img-last\"><div class=\"content-col\"><div class=\"content-col-wrapper\">\n<h2 class=\"wp-block-heading has-huge-font-size\">A construir o futuro do Exceptional Living<\/h2>\n\n\n\n<p>Com foco no futuro, continuamos a elevar os nossos padr\u00f5es, mantendo-nos fi\u00e9is \u00e0 qualidade, integridade e ao design consciente. Cada novo projeto representa uma oportunidade de criar resid\u00eancias \u00fanicas, onde a inova\u00e7\u00e3o se funde com a vis\u00e3o e o apelo intemporal que definem a nossa identidade.<\/p>\n\n\n\n<div class=\"wp-block-buttons is-layout-flex wp-block-buttons-is-layout-flex\">\n<div class=\"wp-block-button is-style-outline is-style-outline--1\"><a class=\"wp-block-button__link wp-element-button\" href=\"https:\/\/thev.pt\/pt-pt\/wheeler-and-brand\/sobre-o-futuro\/\">Descubra o futuro do Exceptional Living<\/a><\/div>\n<\/div>\n<\/div><\/div><div class=\"media-col\"><figure><img loading=\"lazy\" decoding=\"async\" width=\"1088\" height=\"958\" class=\"wp-image-2461\" src=\"https:\/\/thev.pt\/files\/uploads\/2025\/07\/the-v-wheeler-brand-future-stairs.webp\" alt=\"\" title=\"the-v-wheeler-brand-future-stairs\" sizes=\"auto, (min-width: 1201px) 35vw, (min-width: 601px) 50vw, 100vw\" srcset=\"https:\/\/thev.pt\/files\/uploads\/2025\/07\/the-v-wheeler-brand-future-stairs.webp 1088w, https:\/\/thev.pt\/files\/uploads\/2025\/07\/the-v-wheeler-brand-future-stairs-300x264.webp 300w, https:\/\/thev.pt\/files\/uploads\/2025\/07\/the-v-wheeler-brand-future-stairs-1024x902.webp 1024w, https:\/\/thev.pt\/files\/uploads\/2025\/07\/the-v-wheeler-brand-future-stairs-768x676.webp 768w\" \/><\/figure><\/div><\/div>\n\n\n\n<div class=\"wp-block-kobu-custom-blocks-responsive-spacer responsive-spacer size-xlarge\"><\/div>\n\n\n\n<div class=\"wp-block-kobu-custom-blocks-section-wrapper alignfull kobu-section apartments-slider-section is-layout-constrained wp-block-kobu-custom-blocks-section-wrapper-is-layout-constrained\">\n<h2 class=\"wp-block-heading\">Apartamentos Excepcionais.<\/h2>\n\n\n\t<div class=\"apartments-slider-block alignfull slider-gallery hidden multiple\">\n\t\t<div class=\"gallery\" role=\"list\" data-slide=\"0\" tabindex=\"0\">\n\t\t\t\t\t\t\t<div class=\"slide\" role=\"listitem\">\n\t\t\t\t\t<a href=\"https:\/\/thev.pt\/pt-pt\/apartamentos-the-v\/apartamentos-the-pool\/\">\n\t\t\t\t\t\t\t\t\t\t\t\t\t\t\t\t\t\t\t<div class=\"fixed-ratio-img\">\n\t\t\t\t\t\t\t\t<img loading=\"lazy\" decoding=\"async\" width=\"1536\" height=\"1536\" src=\"https:\/\/thev.pt\/files\/uploads\/2024\/11\/the-v-apartments-the-pool-20250723-104017-1536x1536.webp\" class=\"coverimg\" alt=\"\" sizes=\"auto, 100vw\" srcset=\"https:\/\/thev.pt\/files\/uploads\/2024\/11\/the-v-apartments-the-pool-20250723-104017-1536x1536.webp 1536w, https:\/\/thev.pt\/files\/uploads\/2024\/11\/the-v-apartments-the-pool-20250723-104017-300x300.webp 300w, https:\/\/thev.pt\/files\/uploads\/2024\/11\/the-v-apartments-the-pool-20250723-104017-1024x1024.webp 1024w, https:\/\/thev.pt\/files\/uploads\/2024\/11\/the-v-apartments-the-pool-20250723-104017-150x150.webp 150w, https:\/\/thev.pt\/files\/uploads\/2024\/11\/the-v-apartments-the-pool-20250723-104017-768x768.webp 768w, https:\/\/thev.pt\/files\/uploads\/2024\/11\/the-v-apartments-the-pool-20250723-104017.webp 1800w\" \/>\t\t\t\t\t\t\t<\/div>\n\t\t\t\t\t\t\t\t\t\t\t\t<h3>Apartamentos THE Pool<\/h3>\n\t\t\t\t\t<\/a>\n\t\t\t\t<\/div>\n\t\t\t\t\t\t\t<div class=\"slide\" role=\"listitem\">\n\t\t\t\t\t<a href=\"https:\/\/thev.pt\/pt-pt\/apartamentos-the-v\/apartamentos-the-park-view\/\">\n\t\t\t\t\t\t\t\t\t\t\t\t\t\t\t\t\t\t\t<div class=\"fixed-ratio-img\">\n\t\t\t\t\t\t\t\t<img loading=\"lazy\" decoding=\"async\" width=\"1536\" height=\"1536\" src=\"https:\/\/thev.pt\/files\/uploads\/2024\/12\/the-v-apartments-the-park-view-1-20250723-100629-1536x1536.webp\" class=\"coverimg\" alt=\"The balconies of THE V apartments, seen from the outside.\" sizes=\"auto, 100vw\" srcset=\"https:\/\/thev.pt\/files\/uploads\/2024\/12\/the-v-apartments-the-park-view-1-20250723-100629-1536x1536.webp 1536w, https:\/\/thev.pt\/files\/uploads\/2024\/12\/the-v-apartments-the-park-view-1-20250723-100629-300x300.webp 300w, https:\/\/thev.pt\/files\/uploads\/2024\/12\/the-v-apartments-the-park-view-1-20250723-100629-1024x1024.webp 1024w, https:\/\/thev.pt\/files\/uploads\/2024\/12\/the-v-apartments-the-park-view-1-20250723-100629-150x150.webp 150w, https:\/\/thev.pt\/files\/uploads\/2024\/12\/the-v-apartments-the-park-view-1-20250723-100629-768x768.webp 768w, https:\/\/thev.pt\/files\/uploads\/2024\/12\/the-v-apartments-the-park-view-1-20250723-100629.webp 1800w\" \/>\t\t\t\t\t\t\t<\/div>\n\t\t\t\t\t\t\t\t\t\t\t\t<h3>Apartamentos THE Park View<\/h3>\n\t\t\t\t\t<\/a>\n\t\t\t\t<\/div>\n\t\t\t\t\t\t\t<div class=\"slide\" role=\"listitem\">\n\t\t\t\t\t<a href=\"https:\/\/thev.pt\/pt-pt\/apartamentos-the-v\/apartamentos-the-penthouse\/\">\n\t\t\t\t\t\t\t\t\t\t\t\t\t\t\t\t\t\t\t<div class=\"fixed-ratio-img\">\n\t\t\t\t\t\t\t\t<img loading=\"lazy\" decoding=\"async\" width=\"1536\" height=\"1536\" src=\"https:\/\/thev.pt\/files\/uploads\/2024\/12\/the-v-apartments-the-penthouses-3-1536x1536.webp\" class=\"coverimg\" alt=\"\" sizes=\"auto, 100vw\" srcset=\"https:\/\/thev.pt\/files\/uploads\/2024\/12\/the-v-apartments-the-penthouses-3-1536x1536.webp 1536w, https:\/\/thev.pt\/files\/uploads\/2024\/12\/the-v-apartments-the-penthouses-3-300x300.webp 300w, https:\/\/thev.pt\/files\/uploads\/2024\/12\/the-v-apartments-the-penthouses-3-1024x1024.webp 1024w, https:\/\/thev.pt\/files\/uploads\/2024\/12\/the-v-apartments-the-penthouses-3-150x150.webp 150w, https:\/\/thev.pt\/files\/uploads\/2024\/12\/the-v-apartments-the-penthouses-3-768x768.webp 768w, https:\/\/thev.pt\/files\/uploads\/2024\/12\/the-v-apartments-the-penthouses-3.webp 1800w\" \/>\t\t\t\t\t\t\t<\/div>\n\t\t\t\t\t\t\t\t\t\t\t\t<h3>Apartamentos THE Penthouse<\/h3>\n\t\t\t\t\t<\/a>\n\t\t\t\t<\/div>\n\t\t\t\t\t<\/div>\n\t<\/div>\n\n\n\n<div class=\"wp-block-buttons alignwide is-content-justification-center is-layout-flex wp-container-core-buttons-is-layout-16018d1d wp-block-buttons-is-layout-flex\">\n<div class=\"wp-block-button read-more\"><a class=\"wp-block-button__link wp-element-button\" href=\"https:\/\/thev.pt\/pt-pt\/apartamentos-the-v\/\">Saber mais sobre os apartamentos<\/a><\/div>\n<\/div>\n\n\n\n<div class=\"wp-block-kobu-custom-blocks-responsive-spacer responsive-spacer size-xlarge\"><\/div>\n<\/div>\n\n\n\n<p><\/p>\n","protected":false},"excerpt":{"rendered":"<p>Uma empresa familiar de refer\u00eancia, estabelecida no Tri\u00e2ngulo Dourado do Algarve. Reconhecida pelo desenvolvimento de resid\u00eancias elegantes e sofisticadas, a Wheeler&amp;Brand distingue-se pelo compromisso com [&hellip;]<\/p>\n","protected":false},"author":3,"featured_media":0,"parent":0,"menu_order":0,"comment_status":"closed","ping_status":"closed","template":"","meta":{"_acf_changed":false,"inline_featured_image":false,"footnotes":""},"class_list":["post-1004","page","type-page","status-publish","hentry"],"acf":[],"_links":{"self":[{"href":"https:\/\/thev.pt\/pt-pt\/wp-json\/wp\/v2\/pages\/1004","targetHints":{"allow":["GET"]}}],"collection":[{"href":"https:\/\/thev.pt\/pt-pt\/wp-json\/wp\/v2\/pages"}],"about":[{"href":"https:\/\/thev.pt\/pt-pt\/wp-json\/wp\/v2\/types\/page"}],"author":[{"embeddable":true,"href":"https:\/\/thev.pt\/pt-pt\/wp-json\/wp\/v2\/users\/3"}],"replies":[{"embeddable":true,"href":"https:\/\/thev.pt\/pt-pt\/wp-json\/wp\/v2\/comments?post=1004"}],"version-history":[{"count":5,"href":"https:\/\/thev.pt\/pt-pt\/wp-json\/wp\/v2\/pages\/1004\/revisions"}],"predecessor-version":[{"id":3740,"href":"https:\/\/thev.pt\/pt-pt\/wp-json\/wp\/v2\/pages\/1004\/revisions\/3740"}],"wp:attachment":[{"href":"https:\/\/thev.pt\/pt-pt\/wp-json\/wp\/v2\/media?parent=1004"}],"curies":[{"name":"wp","href":"https:\/\/api.w.org\/{rel}","templated":true}]}}